{"id":2916,"date":"2015-09-08T13:34:27","date_gmt":"2015-09-08T11:34:27","guid":{"rendered":"https:\/\/transhumancia.com\/ambits-dactuacio\/patrimoni-natural-i-paisatgistic\/"},"modified":"2022-09-12T12:03:37","modified_gmt":"2022-09-12T10:03:37","slug":"patrimoni-natural-i-paisatgistic","status":"publish","type":"page","link":"https:\/\/transhumancia.com\/es\/ambits-dactuacio\/patrimoni-natural-i-paisatgistic\/","title":{"rendered":"Patrimonio natural y paisaj\u00edstico"},"content":{"rendered":"<p>Desde su nacimiento hace siglos, los caminos ganaderos han proporcionado un valor natural y ecol\u00f3gico en nuestro pa\u00eds. El pastoreo de peque\u00f1os rumiantes (ovejas y cabras) ha sido uno de los elementos que ha tenido mayor incidencia sobre nuestros ecosistemas. Las v\u00edas pecuarias y los reba\u00f1os constituyen corredores ecol\u00f3gicos, potencian la biodiversidad y preservan el mosaico agroforestal del paisaje mediterr\u00e1neo, pues facilitan una gesti\u00f3n y ordenaci\u00f3n del territorio m\u00e1s acordes con criterios de sostenibilidad.<\/p>\n<p>La ganader\u00eda extensiva, actividad propia de las v\u00edas pecuarias y de hecho, su raz\u00f3n de ser, es tambi\u00e9n \u201cprestadora\u201d de servicios ambientales. El pastoreo del sotobosque, por ejemplo, se convierte en una herramienta de gesti\u00f3n forestal del riesgo de incendio muy importante. No obstante, la disminuci\u00f3n de explotaciones ganaderas ocurrido en los \u00faltimos decenios puede tener un impacto negativo. A pesar de que el v\u00ednculo entre las explotaciones ganaderas y el medio natural se mantiene, hay que potenciar, mantener y optimizar la vinculaci\u00f3n entre territorio y reba\u00f1os.<\/p>\n","protected":false},"excerpt":{"rendered":"<p>Desde su nacimiento hace siglos, los caminos ganaderos han proporcionado un valor natural y ecol\u00f3gico en nuestro pa\u00eds. El pastoreo de peque\u00f1os rumiantes (ovejas y cabras) ha sido uno de los elementos que ha tenido mayor incidencia sobre nuestros ecosistemas. Las v\u00edas pecuarias y los reba\u00f1os constituyen corredores ecol\u00f3gicos, potencian la biodiversidad y preservan el [&hellip;]<\/p>\n","protected":false},"author":1,"featured_media":0,"parent":2877,"menu_order":0,"comment_status":"closed","ping_status":"closed","template":"","meta":{"site-sidebar-layout":"default","site-content-layout":"default","ast-site-content-layout":"","site-content-style":"default","site-sidebar-style":"default","ast-global-header-display":"","ast-banner-title-visibility":"","ast-main-header-display":"","ast-hfb-above-header-display":"","ast-hfb-below-header-display":"","ast-hfb-mobile-header-display":"","site-post-title":"disabled","ast-breadcrumbs-content":"","ast-featured-img":"","footer-sml-layout":"","theme-transparent-header-meta":"default","adv-header-id-meta":"","stick-header-meta":"default","header-above-stick-meta":"","header-main-stick-meta":"","header-below-stick-meta":"","astra-migrate-meta-layouts":"default","ast-page-background-enabled":"default","ast-page-background-meta":{"desktop":{"background-color":"var(--ast-global-color-4)","background-image":"","background-repeat":"repeat","background-position":"center center","background-size":"auto","background-attachment":"scroll","background-type":"","background-media":"","overlay-type":"","overlay-color":"","overlay-gradient":""},"tablet":{"background-color":"","background-image":"","background-repeat":"repeat","background-position":"center center","background-size":"auto","background-attachment":"scroll","background-type":"","background-media":"","overlay-type":"","overlay-color":"","overlay-gradient":""},"mobile":{"background-color":"","background-image":"","background-repeat":"repeat","background-position":"center center","background-size":"auto","background-attachment":"scroll","background-type":"","background-media":"","overlay-type":"","overlay-color":"","overlay-gradient":""}},"ast-content-background-meta":{"desktop":{"background-color":"var(--ast-global-color-5)","background-image":"","background-repeat":"repeat","background-position":"center center","background-size":"auto","background-attachment":"scroll","background-type":"","background-media":"","overlay-type":"","overlay-color":"","overlay-gradient":""},"tablet":{"background-color":"var(--ast-global-color-5)","background-image":"","background-repeat":"repeat","background-position":"center center","background-size":"auto","background-attachment":"scroll","background-type":"","background-media":"","overlay-type":"","overlay-color":"","overlay-gradient":""},"mobile":{"background-color":"var(--ast-global-color-5)","background-image":"","background-repeat":"repeat","background-position":"center center","background-size":"auto","background-attachment":"scroll","background-type":"","background-media":"","overlay-type":"","overlay-color":"","overlay-gradient":""}},"footnotes":""},"_links":{"self":[{"href":"https:\/\/transhumancia.com\/es\/wp-json\/wp\/v2\/pages\/2916"}],"collection":[{"href":"https:\/\/transhumancia.com\/es\/wp-json\/wp\/v2\/pages"}],"about":[{"href":"https:\/\/transhumancia.com\/es\/wp-json\/wp\/v2\/types\/page"}],"author":[{"embeddable":true,"href":"https:\/\/transhumancia.com\/es\/wp-json\/wp\/v2\/users\/1"}],"replies":[{"embeddable":true,"href":"https:\/\/transhumancia.com\/es\/wp-json\/wp\/v2\/comments?post=2916"}],"version-history":[{"count":15,"href":"https:\/\/transhumancia.com\/es\/wp-json\/wp\/v2\/pages\/2916\/revisions"}],"predecessor-version":[{"id":3341,"href":"https:\/\/transhumancia.com\/es\/wp-json\/wp\/v2\/pages\/2916\/revisions\/3341"}],"up":[{"embeddable":true,"href":"https:\/\/transhumancia.com\/es\/wp-json\/wp\/v2\/pages\/2877"}],"wp:attachment":[{"href":"https:\/\/transhumancia.com\/es\/wp-json\/wp\/v2\/media?parent=2916"}],"curies":[{"name":"wp","href":"https:\/\/api.w.org\/{rel}","templated":true}]}}