{"id":2918,"date":"2015-09-08T13:35:07","date_gmt":"2015-09-08T11:35:07","guid":{"rendered":"https:\/\/transhumancia.com\/ambits-dactuacio\/patrimoni-cultural\/"},"modified":"2022-09-12T12:07:25","modified_gmt":"2022-09-12T10:07:25","slug":"patrimoni-cultural","status":"publish","type":"page","link":"https:\/\/transhumancia.com\/es\/ambits-dactuacio\/patrimoni-cultural\/","title":{"rendered":"Patrimonio cultural"},"content":{"rendered":"<p>Las v\u00edas pecuarias y la actividad ganadera y pastoril llevan asociado un patrimonio cultural e hist\u00f3rico de gran valor. Este patrimonio es muy diverso; desde la red de infraestructuras asociadas a lo largo de los trazados de los caminos (cercados, balsas, abrevaderos, caba\u00f1as,\u2026), pasando por herramientas y utillaje de la pr\u00e1ctica de la ganader\u00eda, puntos geogr\u00e1ficos con significaci\u00f3n dentro del \u00e1mbito y actividad de la trashumancia (paradas, hostales, ferias y mercados,\u2026), hasta elementos inmateriales como el conjunto de saberes sobre el manejo animal, el medio natural y la organizaci\u00f3n de la actividad ganadera o elementos etnol\u00f3gicos de la cultura pastoril.<br \/>\nEste patrimonio cultural vinculado a la trashumancia, los caminos ganaderos y la actividad ganadera y pastoril, se ha mantenido a lo largo de los a\u00f1os y se ha adaptado a todo tipo de cambios sociales y econ\u00f3micos, hasta la actualidad. Conocerlo y preservarlo nos puede ser de gran ayuda para comprender y valorar el pasado y el presente de nuestro pa\u00eds.<\/p>\n<p>&nbsp;<\/p>\n<p>&nbsp;<\/p>\n","protected":false},"excerpt":{"rendered":"<p>Las v\u00edas pecuarias y la actividad ganadera y pastoril llevan asociado un patrimonio cultural e hist\u00f3rico de gran valor. Este patrimonio es muy diverso; desde la red de infraestructuras asociadas a lo largo de los trazados de los caminos (cercados, balsas, abrevaderos, caba\u00f1as,\u2026), pasando por herramientas y utillaje de la pr\u00e1ctica de la ganader\u00eda, puntos [&hellip;]<\/p>\n","protected":false},"author":1,"featured_media":0,"parent":2877,"menu_order":0,"comment_status":"closed","ping_status":"closed","template":"","meta":{"site-sidebar-layout":"default","site-content-layout":"default","ast-site-content-layout":"","site-content-style":"default","site-sidebar-style":"default","ast-global-header-display":"","ast-banner-title-visibility":"","ast-main-header-display":"","ast-hfb-above-header-display":"","ast-hfb-below-header-display":"","ast-hfb-mobile-header-display":"","site-post-title":"","ast-breadcrumbs-content":"","ast-featured-img":"","footer-sml-layout":"","theme-transparent-header-meta":"default","adv-header-id-meta":"","stick-header-meta":"default","header-above-stick-meta":"","header-main-stick-meta":"","header-below-stick-meta":"","astra-migrate-meta-layouts":"default","ast-page-background-enabled":"default","ast-page-background-meta":{"desktop":{"background-color":"var(--ast-global-color-4)","background-image":"","background-repeat":"repeat","background-position":"center center","background-size":"auto","background-attachment":"scroll","background-type":"","background-media":"","overlay-type":"","overlay-color":"","overlay-gradient":""},"tablet":{"background-color":"","background-image":"","background-repeat":"repeat","background-position":"center center","background-size":"auto","background-attachment":"scroll","background-type":"","background-media":"","overlay-type":"","overlay-color":"","overlay-gradient":""},"mobile":{"background-color":"","background-image":"","background-repeat":"repeat","background-position":"center center","background-size":"auto","background-attachment":"scroll","background-type":"","background-media":"","overlay-type":"","overlay-color":"","overlay-gradient":""}},"ast-content-background-meta":{"desktop":{"background-color":"var(--ast-global-color-5)","background-image":"","background-repeat":"repeat","background-position":"center center","background-size":"auto","background-attachment":"scroll","background-type":"","background-media":"","overlay-type":"","overlay-color":"","overlay-gradient":""},"tablet":{"background-color":"var(--ast-global-color-5)","background-image":"","background-repeat":"repeat","background-position":"center center","background-size":"auto","background-attachment":"scroll","background-type":"","background-media":"","overlay-type":"","overlay-color":"","overlay-gradient":""},"mobile":{"background-color":"var(--ast-global-color-5)","background-image":"","background-repeat":"repeat","background-position":"center center","background-size":"auto","background-attachment":"scroll","background-type":"","background-media":"","overlay-type":"","overlay-color":"","overlay-gradient":""}},"footnotes":""},"_links":{"self":[{"href":"https:\/\/transhumancia.com\/es\/wp-json\/wp\/v2\/pages\/2918"}],"collection":[{"href":"https:\/\/transhumancia.com\/es\/wp-json\/wp\/v2\/pages"}],"about":[{"href":"https:\/\/transhumancia.com\/es\/wp-json\/wp\/v2\/types\/page"}],"author":[{"embeddable":true,"href":"https:\/\/transhumancia.com\/es\/wp-json\/wp\/v2\/users\/1"}],"replies":[{"embeddable":true,"href":"https:\/\/transhumancia.com\/es\/wp-json\/wp\/v2\/comments?post=2918"}],"version-history":[{"count":8,"href":"https:\/\/transhumancia.com\/es\/wp-json\/wp\/v2\/pages\/2918\/revisions"}],"predecessor-version":[{"id":3348,"href":"https:\/\/transhumancia.com\/es\/wp-json\/wp\/v2\/pages\/2918\/revisions\/3348"}],"up":[{"embeddable":true,"href":"https:\/\/transhumancia.com\/es\/wp-json\/wp\/v2\/pages\/2877"}],"wp:attachment":[{"href":"https:\/\/transhumancia.com\/es\/wp-json\/wp\/v2\/media?parent=2918"}],"curies":[{"name":"wp","href":"https:\/\/api.w.org\/{rel}","templated":true}]}}