{"id":2931,"date":"2015-09-08T13:09:01","date_gmt":"2015-09-08T11:09:01","guid":{"rendered":"https:\/\/transhumancia.com\/principals-elements-de-la-transhumancia\/el-gos\/"},"modified":"2022-09-08T13:37:18","modified_gmt":"2022-09-08T11:37:18","slug":"el-gos","status":"publish","type":"page","link":"https:\/\/transhumancia.com\/es\/principals-elements-de-la-transhumancia\/el-gos\/","title":{"rendered":"El perro"},"content":{"rendered":"<p><strong>Los perros como herramienta de trabajo con los reba\u00f1os<\/strong><\/p>\n<p>Los ganaderos y pastores van acompa\u00f1ados de dos tipos de perros de trabajo. Uno muy grande e independiente que acompa\u00f1a las ovejas llamado perro ganadero, mast\u00edn o de protecci\u00f3n y uno m\u00e1s peque\u00f1o y \u00e1gil que obedece las \u00f3rdenes del pastor, llamado perro pastor o \u201cd\u2019atura\u201d.<\/p>\n<p><strong>El perro pastor o d\u2019atura<\/strong><\/p>\n<p>El perro pastor suele acompa\u00f1ar al ganadero y tiene la funci\u00f3n de seguir las \u00f3rdenes del pastor para tener controlado el reba\u00f1o. Ayudan al pastor a hacer la gira y dirigir el reba\u00f1o. Suelen ser perros de talla mediana y muy \u00e1giles. En Catalu\u00f1a existe una raza propia, que es el\u00a0<a href=\"http:\/\/gosdaturacatala.cat\/\">perro \u201cd\u2019atura\u201d catal\u00e1n<\/a>. Sin embargo actualmente los ganaderos prefieren trabajar con los\u00a0<em>borders collie<\/em>.<\/p>\n<p><strong>El perro ganadero, Mast\u00edn o de protecci\u00f3n de reba\u00f1os<\/strong><\/p>\n<p>Este perro de gran tama\u00f1o y de pelaje claro, mayoritariamente, se cr\u00eda de peque\u00f1o con las ovejas para lograr la socializaci\u00f3n con estas. Su funci\u00f3n en el reba\u00f1o es defenderlo de los posibles ataques que pueda tener, tanto de lobos, osos u otros perros salvajes. Estos perros eran muy presentes hace a\u00f1os en los reba\u00f1os del Pirineo, pero con la extinci\u00f3n de los dos grandes depredadores en Catalu\u00f1a, su censo fue disminuyendo.<\/p>\n<p>En el Pirineo existen dos razas de este tipo de perro, el Mast\u00edn del Pirineo y el Monta\u00f1a de los Pirineos, este \u00faltimo es el m\u00e1s utilizado actualmente para proteger los reba\u00f1os.<\/p>\n<p style=\"text-align: justify;\"><a href=\"https:\/\/transhumancia.com\/wp-content\/uploads\/2015\/09\/el-gos.jpg\"><img fetchpriority=\"high\" decoding=\"async\" class=\"alignnone size-full wp-image-66\" src=\"https:\/\/transhumancia.com\/wp-content\/uploads\/2015\/09\/el-gos.jpg\" alt=\"el-gos\" width=\"399\" height=\"265\" srcset=\"https:\/\/transhumancia.com\/wp-content\/uploads\/2015\/09\/el-gos.jpg 399w, https:\/\/transhumancia.com\/wp-content\/uploads\/2015\/09\/el-gos-300x199.jpg 300w\" sizes=\"(max-width: 399px) 100vw, 399px\" \/><\/a><\/p>\n<p><em>Ejemplar de Monta\u00f1a del Pirineo con su reba\u00f1o en Salau. Fuente: Parque Natural del Alto Pirineo<\/em><\/p>\n<p>Con la llegada del lobo en el Pirineo oriental y la presencia de una poblaci\u00f3n incipiente de oso en el Pirineo central catal\u00e1n, los perros de protecci\u00f3n vuelven a ser de gran utilidad para los ganaderos.<\/p>\n<p><a href=\"http:\/\/www.raco.cat\/index.php\/annalsCER\/article\/viewFile\/211138\/289191\">Art\u00edculo sobre la raza Monta\u00f1a de los Pirineos<\/a>.<\/p>\n<p><strong>Cesi\u00f3n de Perros de Protecci\u00f3n de Reba\u00f1os (GPR)<\/strong>:<\/p>\n<p>Actualmente el Departamento de Agricultura, Ganader\u00eda, Pesca y Alimentaci\u00f3n de la Generalitat de Catalunya da Perros de Protecci\u00f3n de Reba\u00f1os a aquellos ganaderos que lo deseen y que desarrollen su actividad en las zonas de presencia de oso y de lobo, para que los reba\u00f1os est\u00e9n protegidos.<\/p>\n<p><a href=\"http:\/\/parcsnaturals.gencat.cat\/ca\/detalls\/Noticia\/2014-01-03_Agrupament-de-ramats-en-zones-de-presencia-dos-bru\">M\u00e1s informaci\u00f3n.<\/a><\/p>\n<p>Noticia sobre la cesi\u00f3n de perros.<\/p>\n","protected":false},"excerpt":{"rendered":"<p>Los perros como herramienta de trabajo con los reba\u00f1os Los ganaderos y pastores van acompa\u00f1ados de dos tipos de perros de trabajo. Uno muy grande e independiente que acompa\u00f1a las ovejas llamado perro ganadero, mast\u00edn o de protecci\u00f3n y uno m\u00e1s peque\u00f1o y \u00e1gil que obedece las \u00f3rdenes del pastor, llamado perro pastor o \u201cd\u2019atura\u201d. [&hellip;]<\/p>\n","protected":false},"author":1,"featured_media":0,"parent":2888,"menu_order":0,"comment_status":"closed","ping_status":"closed","template":"","meta":{"site-sidebar-layout":"default","site-content-layout":"default","ast-site-content-layout":"","site-content-style":"default","site-sidebar-style":"default","ast-global-header-display":"","ast-banner-title-visibility":"","ast-main-header-display":"","ast-hfb-above-header-display":"","ast-hfb-below-header-display":"","ast-hfb-mobile-header-display":"","site-post-title":"","ast-breadcrumbs-content":"","ast-featured-img":"","footer-sml-layout":"","theme-transparent-header-meta":"default","adv-header-id-meta":"","stick-header-meta":"","header-above-stick-meta":"","header-main-stick-meta":"","header-below-stick-meta":"","astra-migrate-meta-layouts":"default","ast-page-background-enabled":"default","ast-page-background-meta":{"desktop":{"background-color":"var(--ast-global-color-4)","background-image":"","background-repeat":"repeat","background-position":"center center","background-size":"auto","background-attachment":"scroll","background-type":"","background-media":"","overlay-type":"","overlay-color":"","overlay-gradient":""},"tablet":{"background-color":"","background-image":"","background-repeat":"repeat","background-position":"center center","background-size":"auto","background-attachment":"scroll","background-type":"","background-media":"","overlay-type":"","overlay-color":"","overlay-gradient":""},"mobile":{"background-color":"","background-image":"","background-repeat":"repeat","background-position":"center center","background-size":"auto","background-attachment":"scroll","background-type":"","background-media":"","overlay-type":"","overlay-color":"","overlay-gradient":""}},"ast-content-background-meta":{"desktop":{"background-color":"var(--ast-global-color-5)","background-image":"","background-repeat":"repeat","background-position":"center center","background-size":"auto","background-attachment":"scroll","background-type":"","background-media":"","overlay-type":"","overlay-color":"","overlay-gradient":""},"tablet":{"background-color":"var(--ast-global-color-5)","background-image":"","background-repeat":"repeat","background-position":"center center","background-size":"auto","background-attachment":"scroll","background-type":"","background-media":"","overlay-type":"","overlay-color":"","overlay-gradient":""},"mobile":{"background-color":"var(--ast-global-color-5)","background-image":"","background-repeat":"repeat","background-position":"center center","background-size":"auto","background-attachment":"scroll","background-type":"","background-media":"","overlay-type":"","overlay-color":"","overlay-gradient":""}},"footnotes":""},"_links":{"self":[{"href":"https:\/\/transhumancia.com\/es\/wp-json\/wp\/v2\/pages\/2931"}],"collection":[{"href":"https:\/\/transhumancia.com\/es\/wp-json\/wp\/v2\/pages"}],"about":[{"href":"https:\/\/transhumancia.com\/es\/wp-json\/wp\/v2\/types\/page"}],"author":[{"embeddable":true,"href":"https:\/\/transhumancia.com\/es\/wp-json\/wp\/v2\/users\/1"}],"replies":[{"embeddable":true,"href":"https:\/\/transhumancia.com\/es\/wp-json\/wp\/v2\/comments?post=2931"}],"version-history":[{"count":1,"href":"https:\/\/transhumancia.com\/es\/wp-json\/wp\/v2\/pages\/2931\/revisions"}],"predecessor-version":[{"id":2932,"href":"https:\/\/transhumancia.com\/es\/wp-json\/wp\/v2\/pages\/2931\/revisions\/2932"}],"up":[{"embeddable":true,"href":"https:\/\/transhumancia.com\/es\/wp-json\/wp\/v2\/pages\/2888"}],"wp:attachment":[{"href":"https:\/\/transhumancia.com\/es\/wp-json\/wp\/v2\/media?parent=2931"}],"curies":[{"name":"wp","href":"https:\/\/api.w.org\/{rel}","templated":true}]}}