{"id":2935,"date":"2016-02-10T12:43:49","date_gmt":"2016-02-10T10:43:49","guid":{"rendered":"https:\/\/transhumancia.com\/la-fira-de-bestiar-de-torregassa\/"},"modified":"2022-09-08T13:39:34","modified_gmt":"2022-09-08T11:39:34","slug":"la-fira-de-bestiar-de-torregassa","status":"publish","type":"page","link":"https:\/\/transhumancia.com\/es\/la-fira-de-bestiar-de-torregassa\/","title":{"rendered":"La feria de ganado de Torregassa"},"content":{"rendered":"<p><strong>La feria de ganado de Torregassa<\/strong><\/p>\n<p>La localitzaci\u00f3n de la feria de Torregassa denota su v\u00ednculo ganadero y apunta a un origen vinculado con la trashumancia del ganado de lana. El ferial \u2013 el lugar donde se celebraba la feria \u2013 es un llano situado a 900 metros de altitud, en el antiguo n\u00facleo de Castellvell, ahora municipio de Olius (en el Solson\u00e8s), que colinda con el de Castellar de la Ribera. Este llano esta en tierras del Mas de Pinyana, que pertenece a la parroquia de Clar\u00e1, integrada dentro de los l\u00edmites de este \u00faltimo municipio.<\/p>\n<p>El valor estrat\u00e9gico del emplazamiento es incuestionable, en este lugar la via pecuaria que baja de los prados del Port del Comte y del Pirineo, siguiendoel deslinde de aguas de los r\u00edos Cardener y Segre, se bifurca. Una via continua por el mismo interfluvio hacia el sur, y la otra aprovecha un llano inclinado que conduce hacia tierras de la zona de Urgell, Noguera y el Segri\u00e0, donde:\u00a0<em>\u201cunes caracter\u00edstiques clim\u00e0tiques i de vegetaci\u00f3 adequades juntament amb una escassa densitat agr\u00edcola\u2026 feren d\u2019aquestes terres la zona hivernal m\u00e9s important en la transhum\u00e0ncia dels ramats en la regi\u00f3 catalana\u2026\u201d\u00a0<\/em>seg\u00fan el autor Vil\u00e0 Valent\u00ed (1991).<\/p>\n<p>Los antiguos hostales son testimonios del tr\u00e1nsito de animales y personas que transcurr\u00edan por estos caminos, aunque, la mayor\u00eda, se han convertido en casas de turismo rural y ya no cumplen su cometido original. La v\u00eda pecuaria llega al Serrat de la Torregassa, procedente del Pre-Pirineo, habiendo pasado por Hostal Nou de Canalda, el Hostal del Vent, el Hostal del Cap del Pla, el Hostal de la Cirera y el Hostal de les Forques.<\/p>\n<p>Una vez en el ferial de la Torregassa, se divide en dos, la que por el Hostal de Geli y el Hostal de Bancal, llega a los llanos de Urgell, y la que baja hacia Calaf y Santa Coloma de Queralt por el Hostal del Boix y los santuarios de MIracles y Pin\u00f3s. Algunos de estos establecimientos, situados al lado miso del camino y no muy distantes el uno del otro, dispon\u00edan de \u00e1mplios corrales donde acog\u00edan a los reba\u00f1os de paso.<\/p>\n<p>El Llano de la Torregassa, que coge el nombre de una mas\u00eda cercana de la parroquia de Mirav\u00e9, ya documentada en el s. XVI, era un lugar de descanso de reba\u00f1os, lugar de despido de pastores que hab\u00edan pasado el verano juntos en los pastos altos, lugar de pactos y acuerdos, y quiz\u00e1, lugar de venda de ganado. La abundancia de pastos en la zona facilitaba una estada a media monta\u00f1a, durante el mes de septiembre, antes de marxar hacia tierras bajas.<\/p>\n<p>&nbsp;<\/p>\n<p><strong>Josep Ram\u00f3n Cam\u00ed.<\/strong><\/p>\n<p><strong>Grup de Treball Sobre Transhum\u00e0ncia i Camins Ramaders de Catalunya.<\/strong><\/p>\n","protected":false},"excerpt":{"rendered":"<p>La feria de ganado de Torregassa La localitzaci\u00f3n de la feria de Torregassa denota su v\u00ednculo ganadero y apunta a un origen vinculado con la trashumancia del ganado de lana. El ferial \u2013 el lugar donde se celebraba la feria \u2013 es un llano situado a 900 metros de altitud, en el antiguo n\u00facleo de [&hellip;]<\/p>\n","protected":false},"author":2,"featured_media":0,"parent":0,"menu_order":0,"comment_status":"closed","ping_status":"closed","template":"","meta":{"site-sidebar-layout":"default","site-content-layout":"","ast-site-content-layout":"","site-content-style":"default","site-sidebar-style":"default","ast-global-header-display":"","ast-banner-title-visibility":"","ast-main-header-display":"","ast-hfb-above-header-display":"","ast-hfb-below-header-display":"","ast-hfb-mobile-header-display":"","site-post-title":"","ast-breadcrumbs-content":"","ast-featured-img":"","footer-sml-layout":"","theme-transparent-header-meta":"","adv-header-id-meta":"","stick-header-meta":"","header-above-stick-meta":"","header-main-stick-meta":"","header-below-stick-meta":"","astra-migrate-meta-layouts":"default","ast-page-background-enabled":"default","ast-page-background-meta":{"desktop":{"background-color":"var(--ast-global-color-4)","background-image":"","background-repeat":"repeat","background-position":"center center","background-size":"auto","background-attachment":"scroll","background-type":"","background-media":"","overlay-type":"","overlay-color":"","overlay-gradient":""},"tablet":{"background-color":"","background-image":"","background-repeat":"repeat","background-position":"center center","background-size":"auto","background-attachment":"scroll","background-type":"","background-media":"","overlay-type":"","overlay-color":"","overlay-gradient":""},"mobile":{"background-color":"","background-image":"","background-repeat":"repeat","background-position":"center center","background-size":"auto","background-attachment":"scroll","background-type":"","background-media":"","overlay-type":"","overlay-color":"","overlay-gradient":""}},"ast-content-background-meta":{"desktop":{"background-color":"var(--ast-global-color-5)","background-image":"","background-repeat":"repeat","background-position":"center center","background-size":"auto","background-attachment":"scroll","background-type":"","background-media":"","overlay-type":"","overlay-color":"","overlay-gradient":""},"tablet":{"background-color":"var(--ast-global-color-5)","background-image":"","background-repeat":"repeat","background-position":"center center","background-size":"auto","background-attachment":"scroll","background-type":"","background-media":"","overlay-type":"","overlay-color":"","overlay-gradient":""},"mobile":{"background-color":"var(--ast-global-color-5)","background-image":"","background-repeat":"repeat","background-position":"center center","background-size":"auto","background-attachment":"scroll","background-type":"","background-media":"","overlay-type":"","overlay-color":"","overlay-gradient":""}},"footnotes":""},"_links":{"self":[{"href":"https:\/\/transhumancia.com\/es\/wp-json\/wp\/v2\/pages\/2935"}],"collection":[{"href":"https:\/\/transhumancia.com\/es\/wp-json\/wp\/v2\/pages"}],"about":[{"href":"https:\/\/transhumancia.com\/es\/wp-json\/wp\/v2\/types\/page"}],"author":[{"embeddable":true,"href":"https:\/\/transhumancia.com\/es\/wp-json\/wp\/v2\/users\/2"}],"replies":[{"embeddable":true,"href":"https:\/\/transhumancia.com\/es\/wp-json\/wp\/v2\/comments?post=2935"}],"version-history":[{"count":1,"href":"https:\/\/transhumancia.com\/es\/wp-json\/wp\/v2\/pages\/2935\/revisions"}],"predecessor-version":[{"id":2936,"href":"https:\/\/transhumancia.com\/es\/wp-json\/wp\/v2\/pages\/2935\/revisions\/2936"}],"wp:attachment":[{"href":"https:\/\/transhumancia.com\/es\/wp-json\/wp\/v2\/media?parent=2935"}],"curies":[{"name":"wp","href":"https:\/\/api.w.org\/{rel}","templated":true}]}}