{"id":2937,"date":"2022-09-08T13:41:02","date_gmt":"2022-09-08T11:41:02","guid":{"rendered":"https:\/\/transhumancia.com\/?page_id=2937"},"modified":"2022-09-08T13:41:42","modified_gmt":"2022-09-08T11:41:42","slug":"i-congres-de-transhumancia-i-camins-ramaders-de-catalunya","status":"publish","type":"page","link":"https:\/\/transhumancia.com\/es\/i-congres-de-transhumancia-i-camins-ramaders-de-catalunya\/","title":{"rendered":"I CONGRESO DE TRASHUMANCIA Y V\u00cdAS PECUARIAS DE CATALUNYA"},"content":{"rendered":"<h2>I CONGRESO DE TRASHUMANCIA Y V\u00cdAS PECUARIAS DE CATALUNYA<\/h2>\n<h3>7, 21 Y 28 DE OCTUBRE DE 2016<\/h3>\n<h3>LLEIDA, SANTA MARGARIDA I ELS MONJOS Y TREMP<\/h3>\n<p>&nbsp;<\/p>\n<p>La ganader\u00eda extensiva y la trashumancia, con el desplazamiento de animales y pastores entre los pastos de verano e invierno, se han convertido en un elemento fundamental en la configuraci\u00f3n territorial, demogr\u00e1fica, social y cultural de Catalu\u00f1a a lo largo de la historia. Por un lado, buena parte de los paisajes y de la biodiversidad de las zonas de monta\u00f1a, y tambi\u00e9n de las zonas llanas, son el resultado de las actividades ganaderas y de su combinaci\u00f3n con la agricultura que se ha llevado a cabo durante siglos. Hoy, la conservaci\u00f3n de este rico patrimonio natural depende directamente de la continuidad de estas pr\u00e1cticas y es bien conocido el impacto que tiene su abandono, por ejemplo, en el riesgo de incendios forestales.<\/p>\n<p>Por otro lado, la trashumancia y la ganader\u00eda extensiva han constituido una seria de infraestructuras (caminos, construcciones, abrevaderos, casas, pastos, zonas de descanso, etc.), de conocimientos, de formas de organizaci\u00f3n social y de elementos culturales que, con el tiempo, han configurado un patrimonio hist\u00f3rico-cultural material e inmaterial muy importante. De esta forma, las v\u00edas pecuarias han constituido una red de comunicaciones donde, adem\u00e1s de los animales, se han desplazado personas, bienes, conocimientos e ideas entre la monta\u00f1a y el llano.<\/p>\n<p>Todo este conjunto de elementos constituyen un legado que, adem\u00e1s del inter\u00e9s que tiene para su uso ganadero, nos habla de una parte de la realidad y de la historia de nuestro pa\u00eds. Se trata de un patrimonio natural y cultural de gran valor, tanto des del punto de vista econ\u00f3mico como identitario.<\/p>\n<p>Las transformaciones sociales y econ\u00f3micas de la sociedad catalana a lo largo del siglo XX y, en particular, del mundo rural, han provocado un descenso significativo de la ganader\u00eda extensiva y la trashumancia, la p\u00e9rdida de poblaci\u00f3n de muchas zonas ganaderas de monta\u00f1a y la reducci\u00f3n de la trashumancia y del uso de las v\u00edas pecuarias. En este contexto, la continuidad y la conservaci\u00f3n de este patrimonio natural y cultural se hacen m\u00e1s dif\u00edciles y es donde este congreso quiere tener una mayor incidencia.<\/p>\n<p><strong>La organizaci\u00f3n del I Congreso de Trashumancia y v\u00edas pecuarias de Catalu\u00f1a tiene que ser la plataforma a partir de la cual se genere conocimiento, se divulgue y se contribuya a salvaguardar este patrimonio.<\/strong><\/p>\n","protected":false},"excerpt":{"rendered":"<p>I CONGRESO DE TRASHUMANCIA Y V\u00cdAS PECUARIAS DE CATALUNYA 7, 21 Y 28 DE OCTUBRE DE 2016 LLEIDA, SANTA MARGARIDA I ELS MONJOS Y TREMP &nbsp; La ganader\u00eda extensiva y la trashumancia, con el desplazamiento de animales y pastores entre los pastos de verano e invierno, se han convertido en un elemento fundamental en la [&hellip;]<\/p>\n","protected":false},"author":4,"featured_media":0,"parent":0,"menu_order":0,"comment_status":"closed","ping_status":"closed","template":"","meta":{"site-sidebar-layout":"default","site-content-layout":"default","ast-site-content-layout":"","site-content-style":"default","site-sidebar-style":"default","ast-global-header-display":"","ast-banner-title-visibility":"","ast-main-header-display":"","ast-hfb-above-header-display":"","ast-hfb-below-header-display":"","ast-hfb-mobile-header-display":"","site-post-title":"","ast-breadcrumbs-content":"","ast-featured-img":"","footer-sml-layout":"","theme-transparent-header-meta":"default","adv-header-id-meta":"","stick-header-meta":"","header-above-stick-meta":"","header-main-stick-meta":"","header-below-stick-meta":"","astra-migrate-meta-layouts":"default","ast-page-background-enabled":"default","ast-page-background-meta":{"desktop":{"background-color":"var(--ast-global-color-4)","background-image":"","background-repeat":"repeat","background-position":"center center","background-size":"auto","background-attachment":"scroll","background-type":"","background-media":"","overlay-type":"","overlay-color":"","overlay-gradient":""},"tablet":{"background-color":"","background-image":"","background-repeat":"repeat","background-position":"center center","background-size":"auto","background-attachment":"scroll","background-type":"","background-media":"","overlay-type":"","overlay-color":"","overlay-gradient":""},"mobile":{"background-color":"","background-image":"","background-repeat":"repeat","background-position":"center center","background-size":"auto","background-attachment":"scroll","background-type":"","background-media":"","overlay-type":"","overlay-color":"","overlay-gradient":""}},"ast-content-background-meta":{"desktop":{"background-color":"var(--ast-global-color-5)","background-image":"","background-repeat":"repeat","background-position":"center center","background-size":"auto","background-attachment":"scroll","background-type":"","background-media":"","overlay-type":"","overlay-color":"","overlay-gradient":""},"tablet":{"background-color":"var(--ast-global-color-5)","background-image":"","background-repeat":"repeat","background-position":"center center","background-size":"auto","background-attachment":"scroll","background-type":"","background-media":"","overlay-type":"","overlay-color":"","overlay-gradient":""},"mobile":{"background-color":"var(--ast-global-color-5)","background-image":"","background-repeat":"repeat","background-position":"center center","background-size":"auto","background-attachment":"scroll","background-type":"","background-media":"","overlay-type":"","overlay-color":"","overlay-gradient":""}},"footnotes":""},"_links":{"self":[{"href":"https:\/\/transhumancia.com\/es\/wp-json\/wp\/v2\/pages\/2937"}],"collection":[{"href":"https:\/\/transhumancia.com\/es\/wp-json\/wp\/v2\/pages"}],"about":[{"href":"https:\/\/transhumancia.com\/es\/wp-json\/wp\/v2\/types\/page"}],"author":[{"embeddable":true,"href":"https:\/\/transhumancia.com\/es\/wp-json\/wp\/v2\/users\/4"}],"replies":[{"embeddable":true,"href":"https:\/\/transhumancia.com\/es\/wp-json\/wp\/v2\/comments?post=2937"}],"version-history":[{"count":3,"href":"https:\/\/transhumancia.com\/es\/wp-json\/wp\/v2\/pages\/2937\/revisions"}],"predecessor-version":[{"id":2941,"href":"https:\/\/transhumancia.com\/es\/wp-json\/wp\/v2\/pages\/2937\/revisions\/2941"}],"wp:attachment":[{"href":"https:\/\/transhumancia.com\/es\/wp-json\/wp\/v2\/media?parent=2937"}],"curies":[{"name":"wp","href":"https:\/\/api.w.org\/{rel}","templated":true}]}}