{"id":2997,"date":"2022-03-18T10:27:36","date_gmt":"2022-03-18T08:27:36","guid":{"rendered":"https:\/\/transhumancia.com\/objectius-i-estructura-del-congres-2\/"},"modified":"2022-09-12T12:41:39","modified_gmt":"2022-09-12T10:41:39","slug":"objectius-i-estructura-del-congres-2","status":"publish","type":"page","link":"https:\/\/transhumancia.com\/es\/objectius-i-estructura-del-congres-2\/","title":{"rendered":"Objetivos y estructura del congreso"},"content":{"rendered":"\t\t<div data-elementor-type=\"wp-page\" data-elementor-id=\"2997\" class=\"elementor elementor-2997 elementor-2251\" data-elementor-post-type=\"page\">\n\t\t\t\t\t\t<section class=\"elementor-section elementor-top-section elementor-element elementor-element-3c0045a8 elementor-section-boxed elementor-section-height-default elementor-section-height-default\" data-id=\"3c0045a8\" data-element_type=\"section\">\n\t\t\t\t\t\t<div class=\"elementor-container elementor-column-gap-default\">\n\t\t\t\t\t<div class=\"elementor-column elementor-col-100 elementor-top-column elementor-element elementor-element-762ac3b1\" data-id=\"762ac3b1\" data-element_type=\"column\">\n\t\t\t<div class=\"elementor-widget-wrap elementor-element-populated\">\n\t\t\t\t\t\t<div class=\"elementor-element elementor-element-7434a885 elementor-widget elementor-widget-text-editor\" data-id=\"7434a885\" data-element_type=\"widget\" data-widget_type=\"text-editor.default\">\n\t\t\t\t<div class=\"elementor-widget-container\">\n\t\t\t<style>\/*! elementor - v3.19.0 - 28-02-2024 *\/\n.elementor-widget-text-editor.elementor-drop-cap-view-stacked .elementor-drop-cap{background-color:#69727d;color:#fff}.elementor-widget-text-editor.elementor-drop-cap-view-framed .elementor-drop-cap{color:#69727d;border:3px solid;background-color:transparent}.elementor-widget-text-editor:not(.elementor-drop-cap-view-default) .elementor-drop-cap{margin-top:8px}.elementor-widget-text-editor:not(.elementor-drop-cap-view-default) .elementor-drop-cap-letter{width:1em;height:1em}.elementor-widget-text-editor .elementor-drop-cap{float:left;text-align:center;line-height:1;font-size:50px}.elementor-widget-text-editor .elementor-drop-cap-letter{display:inline-block}<\/style>\t\t\t\t<h2><img fetchpriority=\"high\" decoding=\"async\" class=\"alignnone wp-image-2352\" src=\"https:\/\/transhumancia.com\/wp-content\/uploads\/2022\/03\/Captura-de-pantalla-2022-04-20-a-les-18.49.44-1030x737.png\" width=\"458\" height=\"328\" srcset=\"https:\/\/transhumancia.com\/wp-content\/uploads\/2022\/03\/Captura-de-pantalla-2022-04-20-a-les-18.49.44-1030x737.png 1030w, https:\/\/transhumancia.com\/wp-content\/uploads\/2022\/03\/Captura-de-pantalla-2022-04-20-a-les-18.49.44-300x215.png 300w, https:\/\/transhumancia.com\/wp-content\/uploads\/2022\/03\/Captura-de-pantalla-2022-04-20-a-les-18.49.44-768x550.png 768w, https:\/\/transhumancia.com\/wp-content\/uploads\/2022\/03\/Captura-de-pantalla-2022-04-20-a-les-18.49.44-260x185.png 260w, https:\/\/transhumancia.com\/wp-content\/uploads\/2022\/03\/Captura-de-pantalla-2022-04-20-a-les-18.49.44-705x505.png 705w, https:\/\/transhumancia.com\/wp-content\/uploads\/2022\/03\/Captura-de-pantalla-2022-04-20-a-les-18.49.44-450x322.png 450w, https:\/\/transhumancia.com\/wp-content\/uploads\/2022\/03\/Captura-de-pantalla-2022-04-20-a-les-18.49.44.png 1436w\" sizes=\"(max-width: 458px) 100vw, 458px\" \/><\/h2>\t\t\t\t\t\t<\/div>\n\t\t\t\t<\/div>\n\t\t\t\t<div class=\"elementor-element elementor-element-0e8ffc2 elementor-widget elementor-widget-heading\" data-id=\"0e8ffc2\" data-element_type=\"widget\" data-widget_type=\"heading.default\">\n\t\t\t\t<div class=\"elementor-widget-container\">\n\t\t\t<style>\/*! elementor - v3.19.0 - 28-02-2024 *\/\n.elementor-heading-title{padding:0;margin:0;line-height:1}.elementor-widget-heading .elementor-heading-title[class*=elementor-size-]>a{color:inherit;font-size:inherit;line-height:inherit}.elementor-widget-heading .elementor-heading-title.elementor-size-small{font-size:15px}.elementor-widget-heading .elementor-heading-title.elementor-size-medium{font-size:19px}.elementor-widget-heading .elementor-heading-title.elementor-size-large{font-size:29px}.elementor-widget-heading .elementor-heading-title.elementor-size-xl{font-size:39px}.elementor-widget-heading .elementor-heading-title.elementor-size-xxl{font-size:59px}<\/style><h2 class=\"elementor-heading-title elementor-size-default\">Objetivos y estructura del congreso<\/h2>\t\t<\/div>\n\t\t\t\t<\/div>\n\t\t\t\t<div class=\"elementor-element elementor-element-9761c27 elementor-widget-divider--view-line elementor-widget elementor-widget-global elementor-global-3317 elementor-widget-divider\" data-id=\"9761c27\" data-element_type=\"widget\" data-widget_type=\"divider.default\">\n\t\t\t\t<div class=\"elementor-widget-container\">\n\t\t\t<style>\/*! elementor - v3.19.0 - 28-02-2024 *\/\n.elementor-widget-divider{--divider-border-style:none;--divider-border-width:1px;--divider-color:#0c0d0e;--divider-icon-size:20px;--divider-element-spacing:10px;--divider-pattern-height:24px;--divider-pattern-size:20px;--divider-pattern-url:none;--divider-pattern-repeat:repeat-x}.elementor-widget-divider .elementor-divider{display:flex}.elementor-widget-divider .elementor-divider__text{font-size:15px;line-height:1;max-width:95%}.elementor-widget-divider .elementor-divider__element{margin:0 var(--divider-element-spacing);flex-shrink:0}.elementor-widget-divider .elementor-icon{font-size:var(--divider-icon-size)}.elementor-widget-divider .elementor-divider-separator{display:flex;margin:0;direction:ltr}.elementor-widget-divider--view-line_icon .elementor-divider-separator,.elementor-widget-divider--view-line_text .elementor-divider-separator{align-items:center}.elementor-widget-divider--view-line_icon .elementor-divider-separator:after,.elementor-widget-divider--view-line_icon .elementor-divider-separator:before,.elementor-widget-divider--view-line_text .elementor-divider-separator:after,.elementor-widget-divider--view-line_text .elementor-divider-separator:before{display:block;content:\"\";border-block-end:0;flex-grow:1;border-block-start:var(--divider-border-width) var(--divider-border-style) var(--divider-color)}.elementor-widget-divider--element-align-left .elementor-divider .elementor-divider-separator>.elementor-divider__svg:first-of-type{flex-grow:0;flex-shrink:100}.elementor-widget-divider--element-align-left .elementor-divider-separator:before{content:none}.elementor-widget-divider--element-align-left .elementor-divider__element{margin-left:0}.elementor-widget-divider--element-align-right .elementor-divider .elementor-divider-separator>.elementor-divider__svg:last-of-type{flex-grow:0;flex-shrink:100}.elementor-widget-divider--element-align-right .elementor-divider-separator:after{content:none}.elementor-widget-divider--element-align-right .elementor-divider__element{margin-right:0}.elementor-widget-divider--element-align-start .elementor-divider .elementor-divider-separator>.elementor-divider__svg:first-of-type{flex-grow:0;flex-shrink:100}.elementor-widget-divider--element-align-start .elementor-divider-separator:before{content:none}.elementor-widget-divider--element-align-start .elementor-divider__element{margin-inline-start:0}.elementor-widget-divider--element-align-end .elementor-divider .elementor-divider-separator>.elementor-divider__svg:last-of-type{flex-grow:0;flex-shrink:100}.elementor-widget-divider--element-align-end .elementor-divider-separator:after{content:none}.elementor-widget-divider--element-align-end .elementor-divider__element{margin-inline-end:0}.elementor-widget-divider:not(.elementor-widget-divider--view-line_text):not(.elementor-widget-divider--view-line_icon) .elementor-divider-separator{border-block-start:var(--divider-border-width) var(--divider-border-style) var(--divider-color)}.elementor-widget-divider--separator-type-pattern{--divider-border-style:none}.elementor-widget-divider--separator-type-pattern.elementor-widget-divider--view-line .elementor-divider-separator,.elementor-widget-divider--separator-type-pattern:not(.elementor-widget-divider--view-line) .elementor-divider-separator:after,.elementor-widget-divider--separator-type-pattern:not(.elementor-widget-divider--view-line) .elementor-divider-separator:before,.elementor-widget-divider--separator-type-pattern:not([class*=elementor-widget-divider--view]) .elementor-divider-separator{width:100%;min-height:var(--divider-pattern-height);-webkit-mask-size:var(--divider-pattern-size) 100%;mask-size:var(--divider-pattern-size) 100%;-webkit-mask-repeat:var(--divider-pattern-repeat);mask-repeat:var(--divider-pattern-repeat);background-color:var(--divider-color);-webkit-mask-image:var(--divider-pattern-url);mask-image:var(--divider-pattern-url)}.elementor-widget-divider--no-spacing{--divider-pattern-size:auto}.elementor-widget-divider--bg-round{--divider-pattern-repeat:round}.rtl .elementor-widget-divider .elementor-divider__text{direction:rtl}.e-con-inner>.elementor-widget-divider,.e-con>.elementor-widget-divider{width:var(--container-widget-width,100%);--flex-grow:var(--container-widget-flex-grow)}<\/style>\t\t<div class=\"elementor-divider\">\n\t\t\t<span class=\"elementor-divider-separator\">\n\t\t\t\t\t\t<\/span>\n\t\t<\/div>\n\t\t\t\t<\/div>\n\t\t\t\t<\/div>\n\t\t\t\t<section class=\"elementor-section elementor-inner-section elementor-element elementor-element-d63d0bc elementor-section-boxed elementor-section-height-default elementor-section-height-default\" data-id=\"d63d0bc\" data-element_type=\"section\">\n\t\t\t\t\t\t<div class=\"elementor-container elementor-column-gap-default\">\n\t\t\t\t\t<div class=\"elementor-column elementor-col-50 elementor-inner-column elementor-element elementor-element-4fcd535\" data-id=\"4fcd535\" data-element_type=\"column\">\n\t\t\t<div class=\"elementor-widget-wrap elementor-element-populated\">\n\t\t\t\t\t\t<div class=\"elementor-element elementor-element-8e7d3c7 elementor-widget elementor-widget-text-editor\" data-id=\"8e7d3c7\" data-element_type=\"widget\" data-widget_type=\"text-editor.default\">\n\t\t\t\t<div class=\"elementor-widget-container\">\n\t\t\t\t\t\t\t<p>Entre el 7 y el 28 de octubre de 2016 tuvo lugar el Ier Congreso de Trashumancia y Caminos Ganaderos de Catalu\u00f1a, que fue un \u00e9xito en asistentes, ponencias y experiencias que se expresaron y que concluy\u00f3 que era necesario avanzar en la clasificaci\u00f3n de las v\u00edas pecuarias, que las v\u00edas pecuarias y la actividad trashumante abre oportunidades econ\u00f3micas m\u00e1s all\u00e1 del aprovechamiento ganadero, y que hab\u00eda que reconocer el papel de los ganaderos y pastores en la gesti\u00f3n del territorio.<\/p><p>Aqu\u00ed presentamos la segunda edici\u00f3n del Congreso que surge de la inquietud respecto a la situaci\u00f3n actual del sector y de la voluntad de continuidad despu\u00e9s del \u00e9xito y la acogida que tuvo la primera edici\u00f3n. Los objetivos principales de esta segunda edici\u00f3n siguen siendo la puesta en valor de la trashumancia y la red de v\u00edas pecuarias de Catalu\u00f1a. Una de las novedades de esta edici\u00f3n es que tendr\u00e1n mayor peso los aspectos y retos actuales en cuanto a la preservaci\u00f3n de la ganader\u00eda extensiva, incorporando la perspectiva de g\u00e9nero y el impacto que puede tener para el sector el actual contexto de crisis clim\u00e1tica y energ\u00e9tica global.<\/p><h3><strong>Objetivos<\/strong><\/h3><ul><li>Dar continuidad al Ier Congreso de Trashumancia y Caminos Ganaderos de Catalu\u00f1a.<\/li><li>Recoger y publicar el m\u00e1ximo de informaci\u00f3n posible sobre trashumancia, v\u00edas pecuarias y la ganader\u00eda extensiva, haciendo aflorar los conocimientos e investigaciones locales en un espacio de di\u00e1logo y encuentro m\u00e1s global.<\/li><li>Profundizar en la investigaci\u00f3n multidisciplinar de una de las actividades que vertebra el sistema agroganadero tradicional, haciendo confluir tanto las referidas a la actividad (la trashumancia) como a la infraestructura que la sustenta (las v\u00edas pecuarias).<\/li><li>Propiciar el encuentro en un mismo espacio, de estudiosos investigadores ganaderos, t\u00e9cnicos y p\u00fablico en general interesados \u200b\u200ben las diferentes tem\u00e1ticas relacionadas con estas actividades.<\/li><li>Sensibilizar a la sociedad sobre la importancia de preservar estas actividades, que garantizan el equilibrio territorial, el mantenimiento de los paisajes agr\u00edcolas, la continuidad de las econom\u00edas rurales, y la protecci\u00f3n de la biodiversidad.<\/li><li>Fijar las bases que garanticen la preservaci\u00f3n de la trashumancia y las v\u00edas pecuarias, a partir de su importancia para reforzar el sistema agroganadero tradicional y su valor medioambiental.<\/li><li>Establecer criterios y prioridades para estimular su recuperaci\u00f3n y garantizar su mantenimiento.<\/li><li>Consolidar un espacio de trabajo creado durante el primer congreso de trashumancia que estimule a la reflexi\u00f3n y an\u00e1lisis, y que favorezca la creaci\u00f3n de una red de colaboraciones entre los diferentes actores vinculados a este sector.<\/li><li>Profundizar en los problemas que sufre el sector, especialmente en lo que se refiere a las problem\u00e1ticas relacionadas con el relieve generacional, el acceso a la tierra y la reincorporaci\u00f3n y liderazgo de la mujer en el sector ganadero extensivo.<\/li><li>Garantizar la visibilizaci\u00f3n y equilibrio de todas las voces, como medio para hacer frente a la invisibilizaci\u00f3n y discriminaci\u00f3n de la mujer en el mundo rural.<\/li><\/ul><h3><strong>Estructura del congreso<\/strong><\/h3><p>El evento se articular\u00e1 en torno a 3 sesiones presenciales de tres d\u00edas de duraci\u00f3n cada una. Cada una de las sesiones estar\u00e1 centrada en un eje de actuaci\u00f3n principal:<\/p><p><strong>Eje 1. Desde(cifrando) la ganader\u00eda extensiva: retos y estrategias de futuro<\/strong>. La situaci\u00f3n de la ganader\u00eda extensiva actual en cifras. Distinci\u00f3n entre los distintos modelos ganaderos (industrial y extensivo). El impacto de la nueva PEC en las pr\u00e1cticas ganaderas extensivas. Los retos de futuro del sector (relieve generacional, acceso a la tierra, igualdad de g\u00e9nero, comercializaci\u00f3n y distinci\u00f3n del producto).<\/p><p><em>Seminario de trabajo: Sobre la diferenciaci\u00f3n y la comercializaci\u00f3n de la ganader\u00eda extensiva.*<\/em><\/p><p><strong>Eje 2. Trashumancia: actividad ancestral y herramienta de desarrollo territorial.<\/strong>\u00a0Presentaci\u00f3n de proyectos que establecen un di\u00e1logo entre la investigaci\u00f3n presente y pasada sobre la trashumancia y la ganader\u00eda extensiva. Transferencia de conocimiento cient\u00edfico sobre esta tem\u00e1tica en distintos \u00e1mbitos de la sociedad. Valorizaci\u00f3n de esta pr\u00e1ctica mediante la divulgaci\u00f3n.<\/p><p><em>Seminario de trabajo: Promover el intercambio de conocimientos entre los agentes de investigaci\u00f3n y el sector ganadero.*<\/em><\/p><p><strong>Eje 3. Trashumar para preservar y habitar en los territorios rurales.<\/strong>\u00a0La situaci\u00f3n de las pr\u00e1cticas trashumantes y transtermitantes en Catalu\u00f1a. Previsi\u00f3n de futuro frente a la actual situaci\u00f3n de cambio clim\u00e1tico y crisis energ\u00e9tica. Las infraestructuras de las redes trashumantes, equipamiento asociado, proyectos de valorizaci\u00f3n y recuperaci\u00f3n en curso, el marco legal, la gesti\u00f3n y planificaci\u00f3n de las actuaciones de valorizaci\u00f3n, mantenimiento y mejora.<\/p><p><em>Seminario de trabajo: Sobre la de clasificaci\u00f3n de v\u00edas pecuarias.*<\/em><\/p><p><strong><em>* El primer d\u00eda de cada sesi\u00f3n del congreso, se realizar\u00e1 un seminario espec\u00edfico relacionado con cada eje. Este seminario no estar\u00e1 abierto al p\u00fablico y s\u00f3lo se invitar\u00e1 a los profesionales y expertos relacionados con el seminario. Las conclusiones de estos seminarios se recoger\u00e1n en las actas del congreso.<\/em><\/strong><\/p>\t\t\t\t\t\t<\/div>\n\t\t\t\t<\/div>\n\t\t\t\t<div class=\"elementor-element elementor-element-32c2e4e elementor-widget elementor-widget-spacer\" data-id=\"32c2e4e\" data-element_type=\"widget\" data-widget_type=\"spacer.default\">\n\t\t\t\t<div class=\"elementor-widget-container\">\n\t\t\t<style>\/*! elementor - v3.19.0 - 28-02-2024 *\/\n.elementor-column .elementor-spacer-inner{height:var(--spacer-size)}.e-con{--container-widget-width:100%}.e-con-inner>.elementor-widget-spacer,.e-con>.elementor-widget-spacer{width:var(--container-widget-width,var(--spacer-size));--align-self:var(--container-widget-align-self,initial);--flex-shrink:0}.e-con-inner>.elementor-widget-spacer>.elementor-widget-container,.e-con>.elementor-widget-spacer>.elementor-widget-container{height:100%;width:100%}.e-con-inner>.elementor-widget-spacer>.elementor-widget-container>.elementor-spacer,.e-con>.elementor-widget-spacer>.elementor-widget-container>.elementor-spacer{height:100%}.e-con-inner>.elementor-widget-spacer>.elementor-widget-container>.elementor-spacer>.elementor-spacer-inner,.e-con>.elementor-widget-spacer>.elementor-widget-container>.elementor-spacer>.elementor-spacer-inner{height:var(--container-widget-height,var(--spacer-size))}.e-con-inner>.elementor-widget-spacer.elementor-widget-empty,.e-con>.elementor-widget-spacer.elementor-widget-empty{position:relative;min-height:22px;min-width:22px}.e-con-inner>.elementor-widget-spacer.elementor-widget-empty .elementor-widget-empty-icon,.e-con>.elementor-widget-spacer.elementor-widget-empty .elementor-widget-empty-icon{position:absolute;top:0;bottom:0;left:0;right:0;margin:auto;padding:0;width:22px;height:22px}<\/style>\t\t<div class=\"elementor-spacer\">\n\t\t\t<div class=\"elementor-spacer-inner\"><\/div>\n\t\t<\/div>\n\t\t\t\t<\/div>\n\t\t\t\t<\/div>\n\t\t\t\t\t<\/div>\n\t\t<\/div>\n\t\t\t\t<div class=\"elementor-column elementor-col-50 elementor-inner-column elementor-element elementor-element-269acff\" data-id=\"269acff\" data-element_type=\"column\">\n\t\t\t<div class=\"elementor-widget-wrap elementor-element-populated\">\n\t\t\t\t\t\t<div class=\"elementor-element elementor-element-ceab1c8 elementor-widget elementor-widget-heading\" data-id=\"ceab1c8\" data-element_type=\"widget\" data-widget_type=\"heading.default\">\n\t\t\t\t<div class=\"elementor-widget-container\">\n\t\t\t<h6 class=\"elementor-heading-title elementor-size-default\">Men\u00fa<\/h6>\t\t<\/div>\n\t\t\t\t<\/div>\n\t\t\t\t<div class=\"elementor-element elementor-element-6f7fc88 elementor-nav-menu--dropdown-tablet elementor-nav-menu__text-align-aside elementor-nav-menu--toggle elementor-nav-menu--burger elementor-widget elementor-widget-global elementor-global-3368 elementor-widget-nav-menu\" data-id=\"6f7fc88\" data-element_type=\"widget\" data-settings=\"{&quot;layout&quot;:&quot;vertical&quot;,&quot;submenu_icon&quot;:{&quot;value&quot;:&quot;fas fa-caret-down&quot;,&quot;library&quot;:&quot;fa-solid&quot;},&quot;toggle&quot;:&quot;burger&quot;}\" data-widget_type=\"nav-menu.default\">\n\t\t\t\t<div class=\"elementor-widget-container\">\n\t\t\t<link rel=\"stylesheet\" href=\"https:\/\/transhumancia.com\/wp-content\/plugins\/elementor-pro\/assets\/css\/widget-nav-menu.min.css\">\t\t\t<nav class=\"elementor-nav-menu--main elementor-nav-menu__container elementor-nav-menu--layout-vertical e--pointer-underline e--animation-fade\">\n\t\t\t\t<ul id=\"menu-1-6f7fc88\" class=\"elementor-nav-menu sm-vertical\"><li class=\"menu-item menu-item-type-post_type menu-item-object-page menu-item-3357\"><a href=\"https:\/\/transhumancia.com\/es\/ii-congres-transhumancia\/\" class=\"elementor-item menu-link\">II Congreso Transhumancia<\/a><\/li>\n<li class=\"menu-item menu-item-type-post_type menu-item-object-page menu-item-3374\"><a href=\"https:\/\/transhumancia.com\/es\/objectius-i-estructura-del-congres-2\/\" class=\"elementor-item menu-link\">Objetivos y estructura del congreso<\/a><\/li>\n<li class=\"menu-item menu-item-type-post_type menu-item-object-page menu-item-3364\"><a href=\"https:\/\/transhumancia.com\/es\/programa-3\/\" class=\"elementor-item menu-link\">Programa<\/a><\/li>\n<li class=\"menu-item menu-item-type-post_type menu-item-object-page menu-item-3358\"><a href=\"https:\/\/transhumancia.com\/es\/inscripcions-2\/\" class=\"elementor-item menu-link\">Inscripciones<\/a><\/li>\n<li class=\"menu-item menu-item-type-post_type menu-item-object-page menu-item-3356\"><a href=\"https:\/\/transhumancia.com\/es\/comunicacions\/\" class=\"elementor-item menu-link\">Comunicaciones<\/a><\/li>\n<li class=\"menu-item menu-item-type-post_type menu-item-object-page menu-item-3362\"><a href=\"https:\/\/transhumancia.com\/es\/entitats-collaboradores\/\" class=\"elementor-item menu-link\">Organitzadores y colaboradores<\/a><\/li>\n<\/ul>\t\t\t<\/nav>\n\t\t\t\t\t<div class=\"elementor-menu-toggle\" role=\"button\" tabindex=\"0\" aria-label=\"Alternar men\u00fa\" aria-expanded=\"false\">\n\t\t\t<i aria-hidden=\"true\" role=\"presentation\" class=\"elementor-menu-toggle__icon--open eicon-menu-bar\"><\/i><i aria-hidden=\"true\" role=\"presentation\" class=\"elementor-menu-toggle__icon--close eicon-close\"><\/i>\t\t\t<span class=\"elementor-screen-only\">Men\u00fa<\/span>\n\t\t<\/div>\n\t\t\t\t\t<nav class=\"elementor-nav-menu--dropdown elementor-nav-menu__container\" aria-hidden=\"true\">\n\t\t\t\t<ul id=\"menu-2-6f7fc88\" class=\"elementor-nav-menu sm-vertical\"><li class=\"menu-item menu-item-type-post_type menu-item-object-page menu-item-3357\"><a href=\"https:\/\/transhumancia.com\/es\/ii-congres-transhumancia\/\" class=\"elementor-item menu-link\" tabindex=\"-1\">II Congreso Transhumancia<\/a><\/li>\n<li class=\"menu-item menu-item-type-post_type menu-item-object-page menu-item-3374\"><a href=\"https:\/\/transhumancia.com\/es\/objectius-i-estructura-del-congres-2\/\" class=\"elementor-item menu-link\" tabindex=\"-1\">Objetivos y estructura del congreso<\/a><\/li>\n<li class=\"menu-item menu-item-type-post_type menu-item-object-page menu-item-3364\"><a href=\"https:\/\/transhumancia.com\/es\/programa-3\/\" class=\"elementor-item menu-link\" tabindex=\"-1\">Programa<\/a><\/li>\n<li class=\"menu-item menu-item-type-post_type menu-item-object-page menu-item-3358\"><a href=\"https:\/\/transhumancia.com\/es\/inscripcions-2\/\" class=\"elementor-item menu-link\" tabindex=\"-1\">Inscripciones<\/a><\/li>\n<li class=\"menu-item menu-item-type-post_type menu-item-object-page menu-item-3356\"><a href=\"https:\/\/transhumancia.com\/es\/comunicacions\/\" class=\"elementor-item menu-link\" tabindex=\"-1\">Comunicaciones<\/a><\/li>\n<li class=\"menu-item menu-item-type-post_type menu-item-object-page menu-item-3362\"><a href=\"https:\/\/transhumancia.com\/es\/entitats-collaboradores\/\" class=\"elementor-item menu-link\" tabindex=\"-1\">Organitzadores y colaboradores<\/a><\/li>\n<\/ul>\t\t\t<\/nav>\n\t\t\t\t<\/div>\n\t\t\t\t<\/div>\n\t\t\t\t\t<\/div>\n\t\t<\/div>\n\t\t\t\t\t<\/div>\n\t\t<\/section>\n\t\t\t\t\t<\/div>\n\t\t<\/div>\n\t\t\t\t\t<\/div>\n\t\t<\/section>\n\t\t\t\t<\/div>\n\t\t","protected":false},"excerpt":{"rendered":"<p>Objetivos y estructura del congreso Entre el 7 y el 28 de octubre de 2016 tuvo lugar el Ier Congreso de Trashumancia y Caminos Ganaderos de Catalu\u00f1a, que fue un \u00e9xito en asistentes, ponencias y experiencias que se expresaron y que concluy\u00f3 que era necesario avanzar en la clasificaci\u00f3n de las v\u00edas pecuarias, que las [&hellip;]<\/p>\n","protected":false},"author":2,"featured_media":0,"parent":0,"menu_order":0,"comment_status":"closed","ping_status":"closed","template":"","meta":{"site-sidebar-layout":"default","site-content-layout":"default","ast-site-content-layout":"","site-content-style":"default","site-sidebar-style":"default","ast-global-header-display":"","ast-banner-title-visibility":"","ast-main-header-display":"","ast-hfb-above-header-display":"","ast-hfb-below-header-display":"","ast-hfb-mobile-header-display":"","site-post-title":"disabled","ast-breadcrumbs-content":"","ast-featured-img":"","footer-sml-layout":"","theme-transparent-header-meta":"default","adv-header-id-meta":"","stick-header-meta":"default","header-above-stick-meta":"","header-main-stick-meta":"","header-below-stick-meta":"","astra-migrate-meta-layouts":"default","ast-page-background-enabled":"default","ast-page-background-meta":{"desktop":{"background-color":"var(--ast-global-color-4)","background-image":"","background-repeat":"repeat","background-position":"center center","background-size":"auto","background-attachment":"scroll","background-type":"","background-media":"","overlay-type":"","overlay-color":"","overlay-gradient":""},"tablet":{"background-color":"","background-image":"","background-repeat":"repeat","background-position":"center center","background-size":"auto","background-attachment":"scroll","background-type":"","background-media":"","overlay-type":"","overlay-color":"","overlay-gradient":""},"mobile":{"background-color":"","background-image":"","background-repeat":"repeat","background-position":"center center","background-size":"auto","background-attachment":"scroll","background-type":"","background-media":"","overlay-type":"","overlay-color":"","overlay-gradient":""}},"ast-content-background-meta":{"desktop":{"background-color":"var(--ast-global-color-5)","background-image":"","background-repeat":"repeat","background-position":"center center","background-size":"auto","background-attachment":"scroll","background-type":"","background-media":"","overlay-type":"","overlay-color":"","overlay-gradient":""},"tablet":{"background-color":"var(--ast-global-color-5)","background-image":"","background-repeat":"repeat","background-position":"center center","background-size":"auto","background-attachment":"scroll","background-type":"","background-media":"","overlay-type":"","overlay-color":"","overlay-gradient":""},"mobile":{"background-color":"var(--ast-global-color-5)","background-image":"","background-repeat":"repeat","background-position":"center center","background-size":"auto","background-attachment":"scroll","background-type":"","background-media":"","overlay-type":"","overlay-color":"","overlay-gradient":""}},"footnotes":""},"_links":{"self":[{"href":"https:\/\/transhumancia.com\/es\/wp-json\/wp\/v2\/pages\/2997"}],"collection":[{"href":"https:\/\/transhumancia.com\/es\/wp-json\/wp\/v2\/pages"}],"about":[{"href":"https:\/\/transhumancia.com\/es\/wp-json\/wp\/v2\/types\/page"}],"author":[{"embeddable":true,"href":"https:\/\/transhumancia.com\/es\/wp-json\/wp\/v2\/users\/2"}],"replies":[{"embeddable":true,"href":"https:\/\/transhumancia.com\/es\/wp-json\/wp\/v2\/comments?post=2997"}],"version-history":[{"count":8,"href":"https:\/\/transhumancia.com\/es\/wp-json\/wp\/v2\/pages\/2997\/revisions"}],"predecessor-version":[{"id":3380,"href":"https:\/\/transhumancia.com\/es\/wp-json\/wp\/v2\/pages\/2997\/revisions\/3380"}],"wp:attachment":[{"href":"https:\/\/transhumancia.com\/es\/wp-json\/wp\/v2\/media?parent=2997"}],"curies":[{"name":"wp","href":"https:\/\/api.w.org\/{rel}","templated":true}]}}