{"id":3007,"date":"2022-03-18T10:47:24","date_gmt":"2022-03-18T08:47:24","guid":{"rendered":"https:\/\/transhumancia.com\/comunicacions\/"},"modified":"2022-09-12T12:45:08","modified_gmt":"2022-09-12T10:45:08","slug":"comunicacions","status":"publish","type":"page","link":"https:\/\/transhumancia.com\/es\/comunicacions\/","title":{"rendered":"Comunicaciones"},"content":{"rendered":"\t\t<div data-elementor-type=\"wp-page\" data-elementor-id=\"3007\" class=\"elementor elementor-3007 elementor-2261\" data-elementor-post-type=\"page\">\n\t\t\t\t\t\t<section class=\"elementor-section elementor-top-section elementor-element elementor-element-4c7ecc15 elementor-section-boxed elementor-section-height-default elementor-section-height-default\" data-id=\"4c7ecc15\" data-element_type=\"section\">\n\t\t\t\t\t\t<div class=\"elementor-container elementor-column-gap-default\">\n\t\t\t\t\t<div class=\"elementor-column elementor-col-100 elementor-top-column elementor-element elementor-element-c06ea7e\" data-id=\"c06ea7e\" data-element_type=\"column\">\n\t\t\t<div class=\"elementor-widget-wrap elementor-element-populated\">\n\t\t\t\t\t\t<div class=\"elementor-element elementor-element-6a407773 elementor-widget elementor-widget-text-editor\" data-id=\"6a407773\" data-element_type=\"widget\" data-widget_type=\"text-editor.default\">\n\t\t\t\t<div class=\"elementor-widget-container\">\n\t\t\t<style>\/*! elementor - v3.19.0 - 28-02-2024 *\/\n.elementor-widget-text-editor.elementor-drop-cap-view-stacked .elementor-drop-cap{background-color:#69727d;color:#fff}.elementor-widget-text-editor.elementor-drop-cap-view-framed .elementor-drop-cap{color:#69727d;border:3px solid;background-color:transparent}.elementor-widget-text-editor:not(.elementor-drop-cap-view-default) .elementor-drop-cap{margin-top:8px}.elementor-widget-text-editor:not(.elementor-drop-cap-view-default) .elementor-drop-cap-letter{width:1em;height:1em}.elementor-widget-text-editor .elementor-drop-cap{float:left;text-align:center;line-height:1;font-size:50px}.elementor-widget-text-editor .elementor-drop-cap-letter{display:inline-block}<\/style>\t\t\t\t<h2><img fetchpriority=\"high\" decoding=\"async\" class=\"alignnone wp-image-2352\" src=\"https:\/\/transhumancia.com\/wp-content\/uploads\/2022\/03\/Captura-de-pantalla-2022-04-20-a-les-18.49.44-1030x737.png\" width=\"458\" height=\"328\" srcset=\"https:\/\/transhumancia.com\/wp-content\/uploads\/2022\/03\/Captura-de-pantalla-2022-04-20-a-les-18.49.44-1030x737.png 1030w, https:\/\/transhumancia.com\/wp-content\/uploads\/2022\/03\/Captura-de-pantalla-2022-04-20-a-les-18.49.44-300x215.png 300w, https:\/\/transhumancia.com\/wp-content\/uploads\/2022\/03\/Captura-de-pantalla-2022-04-20-a-les-18.49.44-768x550.png 768w, https:\/\/transhumancia.com\/wp-content\/uploads\/2022\/03\/Captura-de-pantalla-2022-04-20-a-les-18.49.44-260x185.png 260w, https:\/\/transhumancia.com\/wp-content\/uploads\/2022\/03\/Captura-de-pantalla-2022-04-20-a-les-18.49.44-705x505.png 705w, https:\/\/transhumancia.com\/wp-content\/uploads\/2022\/03\/Captura-de-pantalla-2022-04-20-a-les-18.49.44-450x322.png 450w, https:\/\/transhumancia.com\/wp-content\/uploads\/2022\/03\/Captura-de-pantalla-2022-04-20-a-les-18.49.44.png 1436w\" sizes=\"(max-width: 458px) 100vw, 458px\" \/><\/h2>\t\t\t\t\t\t<\/div>\n\t\t\t\t<\/div>\n\t\t\t\t<div class=\"elementor-element elementor-element-304b4b0 elementor-widget elementor-widget-heading\" data-id=\"304b4b0\" data-element_type=\"widget\" data-widget_type=\"heading.default\">\n\t\t\t\t<div class=\"elementor-widget-container\">\n\t\t\t<style>\/*! elementor - v3.19.0 - 28-02-2024 *\/\n.elementor-heading-title{padding:0;margin:0;line-height:1}.elementor-widget-heading .elementor-heading-title[class*=elementor-size-]>a{color:inherit;font-size:inherit;line-height:inherit}.elementor-widget-heading .elementor-heading-title.elementor-size-small{font-size:15px}.elementor-widget-heading .elementor-heading-title.elementor-size-medium{font-size:19px}.elementor-widget-heading .elementor-heading-title.elementor-size-large{font-size:29px}.elementor-widget-heading .elementor-heading-title.elementor-size-xl{font-size:39px}.elementor-widget-heading .elementor-heading-title.elementor-size-xxl{font-size:59px}<\/style><h2 class=\"elementor-heading-title elementor-size-default\">Comunicaciones<\/h2>\t\t<\/div>\n\t\t\t\t<\/div>\n\t\t\t\t<div class=\"elementor-element elementor-element-2d10b4b elementor-widget-divider--view-line elementor-widget elementor-widget-global elementor-global-3317 elementor-widget-divider\" data-id=\"2d10b4b\" data-element_type=\"widget\" data-widget_type=\"divider.default\">\n\t\t\t\t<div class=\"elementor-widget-container\">\n\t\t\t<style>\/*! elementor - v3.19.0 - 28-02-2024 *\/\n.elementor-widget-divider{--divider-border-style:none;--divider-border-width:1px;--divider-color:#0c0d0e;--divider-icon-size:20px;--divider-element-spacing:10px;--divider-pattern-height:24px;--divider-pattern-size:20px;--divider-pattern-url:none;--divider-pattern-repeat:repeat-x}.elementor-widget-divider .elementor-divider{display:flex}.elementor-widget-divider .elementor-divider__text{font-size:15px;line-height:1;max-width:95%}.elementor-widget-divider .elementor-divider__element{margin:0 var(--divider-element-spacing);flex-shrink:0}.elementor-widget-divider .elementor-icon{font-size:var(--divider-icon-size)}.elementor-widget-divider .elementor-divider-separator{display:flex;margin:0;direction:ltr}.elementor-widget-divider--view-line_icon .elementor-divider-separator,.elementor-widget-divider--view-line_text .elementor-divider-separator{align-items:center}.elementor-widget-divider--view-line_icon .elementor-divider-separator:after,.elementor-widget-divider--view-line_icon .elementor-divider-separator:before,.elementor-widget-divider--view-line_text .elementor-divider-separator:after,.elementor-widget-divider--view-line_text .elementor-divider-separator:before{display:block;content:\"\";border-block-end:0;flex-grow:1;border-block-start:var(--divider-border-width) var(--divider-border-style) var(--divider-color)}.elementor-widget-divider--element-align-left .elementor-divider .elementor-divider-separator>.elementor-divider__svg:first-of-type{flex-grow:0;flex-shrink:100}.elementor-widget-divider--element-align-left .elementor-divider-separator:before{content:none}.elementor-widget-divider--element-align-left .elementor-divider__element{margin-left:0}.elementor-widget-divider--element-align-right .elementor-divider .elementor-divider-separator>.elementor-divider__svg:last-of-type{flex-grow:0;flex-shrink:100}.elementor-widget-divider--element-align-right .elementor-divider-separator:after{content:none}.elementor-widget-divider--element-align-right .elementor-divider__element{margin-right:0}.elementor-widget-divider--element-align-start .elementor-divider .elementor-divider-separator>.elementor-divider__svg:first-of-type{flex-grow:0;flex-shrink:100}.elementor-widget-divider--element-align-start .elementor-divider-separator:before{content:none}.elementor-widget-divider--element-align-start .elementor-divider__element{margin-inline-start:0}.elementor-widget-divider--element-align-end .elementor-divider .elementor-divider-separator>.elementor-divider__svg:last-of-type{flex-grow:0;flex-shrink:100}.elementor-widget-divider--element-align-end .elementor-divider-separator:after{content:none}.elementor-widget-divider--element-align-end .elementor-divider__element{margin-inline-end:0}.elementor-widget-divider:not(.elementor-widget-divider--view-line_text):not(.elementor-widget-divider--view-line_icon) .elementor-divider-separator{border-block-start:var(--divider-border-width) var(--divider-border-style) var(--divider-color)}.elementor-widget-divider--separator-type-pattern{--divider-border-style:none}.elementor-widget-divider--separator-type-pattern.elementor-widget-divider--view-line .elementor-divider-separator,.elementor-widget-divider--separator-type-pattern:not(.elementor-widget-divider--view-line) .elementor-divider-separator:after,.elementor-widget-divider--separator-type-pattern:not(.elementor-widget-divider--view-line) .elementor-divider-separator:before,.elementor-widget-divider--separator-type-pattern:not([class*=elementor-widget-divider--view]) .elementor-divider-separator{width:100%;min-height:var(--divider-pattern-height);-webkit-mask-size:var(--divider-pattern-size) 100%;mask-size:var(--divider-pattern-size) 100%;-webkit-mask-repeat:var(--divider-pattern-repeat);mask-repeat:var(--divider-pattern-repeat);background-color:var(--divider-color);-webkit-mask-image:var(--divider-pattern-url);mask-image:var(--divider-pattern-url)}.elementor-widget-divider--no-spacing{--divider-pattern-size:auto}.elementor-widget-divider--bg-round{--divider-pattern-repeat:round}.rtl .elementor-widget-divider .elementor-divider__text{direction:rtl}.e-con-inner>.elementor-widget-divider,.e-con>.elementor-widget-divider{width:var(--container-widget-width,100%);--flex-grow:var(--container-widget-flex-grow)}<\/style>\t\t<div class=\"elementor-divider\">\n\t\t\t<span class=\"elementor-divider-separator\">\n\t\t\t\t\t\t<\/span>\n\t\t<\/div>\n\t\t\t\t<\/div>\n\t\t\t\t<\/div>\n\t\t\t\t<section class=\"elementor-section elementor-inner-section elementor-element elementor-element-e2b1dc4 elementor-section-boxed elementor-section-height-default elementor-section-height-default\" data-id=\"e2b1dc4\" data-element_type=\"section\">\n\t\t\t\t\t\t<div class=\"elementor-container elementor-column-gap-default\">\n\t\t\t\t\t<div class=\"elementor-column elementor-col-50 elementor-inner-column elementor-element elementor-element-8e5751d\" data-id=\"8e5751d\" data-element_type=\"column\">\n\t\t\t<div class=\"elementor-widget-wrap elementor-element-populated\">\n\t\t\t\t\t\t<div class=\"elementor-element elementor-element-1ab96d0 elementor-widget elementor-widget-text-editor\" data-id=\"1ab96d0\" data-element_type=\"widget\" data-widget_type=\"text-editor.default\">\n\t\t\t\t<div class=\"elementor-widget-container\">\n\t\t\t\t\t\t\t<p>Se presentar\u00e1n comunicaciones seg\u00fan los ejes tem\u00e1ticos del congreso. Se admitir\u00e1n un m\u00e1ximo de 7 comunicaciones por cada eje. Las comunicaciones, junto con las ponencias del congreso, ser\u00e1n editadas y publicadas.<\/p><p>Las comunicaciones presentadas ser\u00e1n evaluadas por el comit\u00e9 cient\u00edfico del congreso previa inclusi\u00f3n en el programa del congreso. El comit\u00e9 cient\u00edfico podr\u00e1 decidir si las comunicaciones no seleccionadas para el congreso se cuelgan en la web\u00a0<a href=\"http:\/\/transhumancia.com\/es\/inicio\/\">http:\/\/transhumancia.com<\/a>\u00a0y se incluyen en la publicaci\u00f3n del congreso.<\/p><p>El comit\u00e9 cient\u00edfico del congreso est\u00e1 formado por un representante de las entidades organizadoras y por los miembros del Grupo de Trabajo de Trashumancia y Caminos Ganaderos de Catalu\u00f1a.<\/p><h4><strong>DESCRIPCI\u00d3N DE LOS EJES PARA RECIBIR COMUNICACIONES<\/strong><\/h4><p><strong>Eje 1. Desde(cifrando) la ganader\u00eda extensiva: retos y estrategias de futuro.<\/strong><\/p><p>Se podr\u00e1n presentar comunicaciones relacionadas con la situaci\u00f3n actual de la ganader\u00eda extensiva, las oportunidades que genera la trashumancia, el reto del relieve generacional, la nueva PAC, el acceso a la tierra, los comunales, la igualdad de g\u00e9nero, la comercializaci\u00f3n entre otros .<\/p><p><strong>Eje 2. Trashumancia: actividad ancestral y herramienta de desarrollo territorial.<\/strong><\/p><p>Se podr\u00e1n presentar comunicaciones relacionadas con proyectos que se est\u00e1n desarrollando en el territorio, tanto a nivel local como nacional, que establecen un di\u00e1logo entre la investigaci\u00f3n presente y pasada sobre la trashumancia y la ganader\u00eda extensiva, la transferencia de conocimiento cient\u00edfico sobre esta tem\u00e1tica a diferentes \u00e1mbitos de la sociedad y la valorizaci\u00f3n de esta pr\u00e1ctica a trav\u00e9s de la divulgaci\u00f3n.<\/p><p><strong>Eje 3. Trashumar para preservar y habitar en los territorios rurales.<\/strong><\/p><p>Se podr\u00e1n presentar comunicaciones relacionadas con la actividad ganadera trashumante en Catalu\u00f1a relacionadas con su futuro, teniendo en cuenta los condicionantes actuales, el cambio clim\u00e1tico, las infraestructuras de las redes trashumantes, equipamiento asociados, proyectos de valorizaci\u00f3n y recuperaci\u00f3n en curso, el marco legal, la gesti\u00f3n y planificaci\u00f3n de las actuaciones de valorizaci\u00f3n, mantenimiento y mejora.<\/p><h4><strong>INSTRUCCIONES GENERALES<\/strong><\/h4><p><strong><em>Res\u00famenes:<\/em><\/strong><\/p><p>Los res\u00famenes de las comunicaciones tendr\u00e1n que especificar:<\/p><ul><li>El t\u00edtulo.<\/li><li>El autor.<\/li><li>Eje del congreso al que hace referencia.<\/li><li>Un resumen del contenido de la comunicaci\u00f3n.<\/li><li>Datos de contacto del autor.<\/li><\/ul><p>Cada autor podr\u00e1 presentar como m\u00e1ximo una comunicaci\u00f3n como autor principal. La extensi\u00f3n del resumen ser\u00e1 de un m\u00e1ximo de 200 palabras en las que se explique con claridad el contenido de la comunicaci\u00f3n.<\/p><p>El resumen de las comunicaciones se presentar\u00e1n completando el siguiente\u00a0<a href=\"https:\/\/docs.google.com\/forms\/d\/1UQPalrnfifXXr3la3CJbGVrhVBpcof08dSQkOGHFySA\/edit\" target=\"_blank\" rel=\"noopener\">formulario<\/a><\/p><p>Las comunicaciones tendr\u00e1n un m\u00ednimo de 8 p\u00e1ginas y un m\u00e1ximo de 12 p\u00e1ginas. Ver normas de publicaci\u00f3n en el siguiente enlace:\u00a0<a href=\"http:\/\/transhumancia.com\/wp-content\/uploads\/2022\/04\/normes-publicacio_2022.pdf\" target=\"_blank\" rel=\"noopener\">normas de publicaci\u00f3n<\/a><\/p><h5><strong>Idioma:<\/strong><\/h5><p>Se aceptar\u00e1n comunicaciones en catal\u00e1n y castellano.<\/p><h5><strong>Fechas significativas:<\/strong><\/h5><ul><li><strong>El plazo m\u00e1ximo para presentar las comunicaciones ser\u00e1 el 1 de agosto de 2022.<\/strong><\/li><li><strong>El comit\u00e9 cient\u00edfico informar\u00e1 a los autores\/as sobre la aceptaci\u00f3n de su comunicaci\u00f3n a m\u00e1s tardar el 15 de septiembre de 2022.<\/strong><\/li><li><strong>Fechas de presentaci\u00f3n de las comunicaciones seleccionadas ser\u00e1n los d\u00edas 7, 14 y 28 de octubre de 2022 del congreso<\/strong><\/li><li><strong>Se tendr\u00e1 que presentar el texto definitivo de las comunicaciones, siguiendo estrictamente las normas de publicaci\u00f3n, el 18 de noviembre de 2022.<\/strong><\/li><\/ul>\t\t\t\t\t\t<\/div>\n\t\t\t\t<\/div>\n\t\t\t\t<div class=\"elementor-element elementor-element-f81f7f9 elementor-widget elementor-widget-spacer\" data-id=\"f81f7f9\" data-element_type=\"widget\" data-widget_type=\"spacer.default\">\n\t\t\t\t<div class=\"elementor-widget-container\">\n\t\t\t<style>\/*! elementor - v3.19.0 - 28-02-2024 *\/\n.elementor-column .elementor-spacer-inner{height:var(--spacer-size)}.e-con{--container-widget-width:100%}.e-con-inner>.elementor-widget-spacer,.e-con>.elementor-widget-spacer{width:var(--container-widget-width,var(--spacer-size));--align-self:var(--container-widget-align-self,initial);--flex-shrink:0}.e-con-inner>.elementor-widget-spacer>.elementor-widget-container,.e-con>.elementor-widget-spacer>.elementor-widget-container{height:100%;width:100%}.e-con-inner>.elementor-widget-spacer>.elementor-widget-container>.elementor-spacer,.e-con>.elementor-widget-spacer>.elementor-widget-container>.elementor-spacer{height:100%}.e-con-inner>.elementor-widget-spacer>.elementor-widget-container>.elementor-spacer>.elementor-spacer-inner,.e-con>.elementor-widget-spacer>.elementor-widget-container>.elementor-spacer>.elementor-spacer-inner{height:var(--container-widget-height,var(--spacer-size))}.e-con-inner>.elementor-widget-spacer.elementor-widget-empty,.e-con>.elementor-widget-spacer.elementor-widget-empty{position:relative;min-height:22px;min-width:22px}.e-con-inner>.elementor-widget-spacer.elementor-widget-empty .elementor-widget-empty-icon,.e-con>.elementor-widget-spacer.elementor-widget-empty .elementor-widget-empty-icon{position:absolute;top:0;bottom:0;left:0;right:0;margin:auto;padding:0;width:22px;height:22px}<\/style>\t\t<div class=\"elementor-spacer\">\n\t\t\t<div class=\"elementor-spacer-inner\"><\/div>\n\t\t<\/div>\n\t\t\t\t<\/div>\n\t\t\t\t<\/div>\n\t\t\t\t\t<\/div>\n\t\t<\/div>\n\t\t\t\t<div class=\"elementor-column elementor-col-50 elementor-inner-column elementor-element elementor-element-a0f01fc\" data-id=\"a0f01fc\" data-element_type=\"column\">\n\t\t\t<div class=\"elementor-widget-wrap elementor-element-populated\">\n\t\t\t\t\t\t<div class=\"elementor-element elementor-element-2e3f42b elementor-widget elementor-widget-heading\" data-id=\"2e3f42b\" data-element_type=\"widget\" data-widget_type=\"heading.default\">\n\t\t\t\t<div class=\"elementor-widget-container\">\n\t\t\t<h6 class=\"elementor-heading-title elementor-size-default\">Men\u00fa<\/h6>\t\t<\/div>\n\t\t\t\t<\/div>\n\t\t\t\t<div class=\"elementor-element elementor-element-102105a elementor-nav-menu--dropdown-tablet elementor-nav-menu__text-align-aside elementor-nav-menu--toggle elementor-nav-menu--burger elementor-widget elementor-widget-global elementor-global-3368 elementor-widget-nav-menu\" data-id=\"102105a\" data-element_type=\"widget\" data-settings=\"{&quot;layout&quot;:&quot;vertical&quot;,&quot;submenu_icon&quot;:{&quot;value&quot;:&quot;fas fa-caret-down&quot;,&quot;library&quot;:&quot;fa-solid&quot;},&quot;toggle&quot;:&quot;burger&quot;}\" data-widget_type=\"nav-menu.default\">\n\t\t\t\t<div class=\"elementor-widget-container\">\n\t\t\t<link rel=\"stylesheet\" href=\"https:\/\/transhumancia.com\/wp-content\/plugins\/elementor-pro\/assets\/css\/widget-nav-menu.min.css\">\t\t\t<nav class=\"elementor-nav-menu--main elementor-nav-menu__container elementor-nav-menu--layout-vertical e--pointer-underline e--animation-fade\">\n\t\t\t\t<ul id=\"menu-1-102105a\" class=\"elementor-nav-menu sm-vertical\"><li class=\"menu-item menu-item-type-post_type menu-item-object-page menu-item-3357\"><a href=\"https:\/\/transhumancia.com\/es\/ii-congres-transhumancia\/\" class=\"elementor-item menu-link\">II Congreso Transhumancia<\/a><\/li>\n<li class=\"menu-item menu-item-type-post_type menu-item-object-page menu-item-3374\"><a href=\"https:\/\/transhumancia.com\/es\/objectius-i-estructura-del-congres-2\/\" class=\"elementor-item menu-link\">Objetivos y estructura del congreso<\/a><\/li>\n<li class=\"menu-item menu-item-type-post_type menu-item-object-page menu-item-3364\"><a href=\"https:\/\/transhumancia.com\/es\/programa-3\/\" class=\"elementor-item menu-link\">Programa<\/a><\/li>\n<li class=\"menu-item menu-item-type-post_type menu-item-object-page menu-item-3358\"><a href=\"https:\/\/transhumancia.com\/es\/inscripcions-2\/\" class=\"elementor-item menu-link\">Inscripciones<\/a><\/li>\n<li class=\"menu-item menu-item-type-post_type menu-item-object-page menu-item-3356\"><a href=\"https:\/\/transhumancia.com\/es\/comunicacions\/\" class=\"elementor-item menu-link\">Comunicaciones<\/a><\/li>\n<li class=\"menu-item menu-item-type-post_type menu-item-object-page menu-item-3362\"><a href=\"https:\/\/transhumancia.com\/es\/entitats-collaboradores\/\" class=\"elementor-item menu-link\">Organitzadores y colaboradores<\/a><\/li>\n<\/ul>\t\t\t<\/nav>\n\t\t\t\t\t<div class=\"elementor-menu-toggle\" role=\"button\" tabindex=\"0\" aria-label=\"Alternar men\u00fa\" aria-expanded=\"false\">\n\t\t\t<i aria-hidden=\"true\" role=\"presentation\" class=\"elementor-menu-toggle__icon--open eicon-menu-bar\"><\/i><i aria-hidden=\"true\" role=\"presentation\" class=\"elementor-menu-toggle__icon--close eicon-close\"><\/i>\t\t\t<span class=\"elementor-screen-only\">Men\u00fa<\/span>\n\t\t<\/div>\n\t\t\t\t\t<nav class=\"elementor-nav-menu--dropdown elementor-nav-menu__container\" aria-hidden=\"true\">\n\t\t\t\t<ul id=\"menu-2-102105a\" class=\"elementor-nav-menu sm-vertical\"><li class=\"menu-item menu-item-type-post_type menu-item-object-page menu-item-3357\"><a href=\"https:\/\/transhumancia.com\/es\/ii-congres-transhumancia\/\" class=\"elementor-item menu-link\" tabindex=\"-1\">II Congreso Transhumancia<\/a><\/li>\n<li class=\"menu-item menu-item-type-post_type menu-item-object-page menu-item-3374\"><a href=\"https:\/\/transhumancia.com\/es\/objectius-i-estructura-del-congres-2\/\" class=\"elementor-item menu-link\" tabindex=\"-1\">Objetivos y estructura del congreso<\/a><\/li>\n<li class=\"menu-item menu-item-type-post_type menu-item-object-page menu-item-3364\"><a href=\"https:\/\/transhumancia.com\/es\/programa-3\/\" class=\"elementor-item menu-link\" tabindex=\"-1\">Programa<\/a><\/li>\n<li class=\"menu-item menu-item-type-post_type menu-item-object-page menu-item-3358\"><a href=\"https:\/\/transhumancia.com\/es\/inscripcions-2\/\" class=\"elementor-item menu-link\" tabindex=\"-1\">Inscripciones<\/a><\/li>\n<li class=\"menu-item menu-item-type-post_type menu-item-object-page menu-item-3356\"><a href=\"https:\/\/transhumancia.com\/es\/comunicacions\/\" class=\"elementor-item menu-link\" tabindex=\"-1\">Comunicaciones<\/a><\/li>\n<li class=\"menu-item menu-item-type-post_type menu-item-object-page menu-item-3362\"><a href=\"https:\/\/transhumancia.com\/es\/entitats-collaboradores\/\" class=\"elementor-item menu-link\" tabindex=\"-1\">Organitzadores y colaboradores<\/a><\/li>\n<\/ul>\t\t\t<\/nav>\n\t\t\t\t<\/div>\n\t\t\t\t<\/div>\n\t\t\t\t\t<\/div>\n\t\t<\/div>\n\t\t\t\t\t<\/div>\n\t\t<\/section>\n\t\t\t\t\t<\/div>\n\t\t<\/div>\n\t\t\t\t\t<\/div>\n\t\t<\/section>\n\t\t\t\t<\/div>\n\t\t","protected":false},"excerpt":{"rendered":"<p>Comunicaciones Se presentar\u00e1n comunicaciones seg\u00fan los ejes tem\u00e1ticos del congreso. Se admitir\u00e1n un m\u00e1ximo de 7 comunicaciones por cada eje. Las comunicaciones, junto con las ponencias del congreso, ser\u00e1n editadas y publicadas. Las comunicaciones presentadas ser\u00e1n evaluadas por el comit\u00e9 cient\u00edfico del congreso previa inclusi\u00f3n en el programa del congreso. El comit\u00e9 cient\u00edfico podr\u00e1 decidir [&hellip;]<\/p>\n","protected":false},"author":2,"featured_media":0,"parent":0,"menu_order":0,"comment_status":"closed","ping_status":"closed","template":"","meta":{"site-sidebar-layout":"default","site-content-layout":"default","ast-site-content-layout":"","site-content-style":"default","site-sidebar-style":"default","ast-global-header-display":"","ast-banner-title-visibility":"","ast-main-header-display":"","ast-hfb-above-header-display":"","ast-hfb-below-header-display":"","ast-hfb-mobile-header-display":"","site-post-title":"disabled","ast-breadcrumbs-content":"","ast-featured-img":"","footer-sml-layout":"","theme-transparent-header-meta":"default","adv-header-id-meta":"","stick-header-meta":"default","header-above-stick-meta":"","header-main-stick-meta":"","header-below-stick-meta":"","astra-migrate-meta-layouts":"default","ast-page-background-enabled":"default","ast-page-background-meta":{"desktop":{"background-color":"var(--ast-global-color-4)","background-image":"","background-repeat":"repeat","background-position":"center center","background-size":"auto","background-attachment":"scroll","background-type":"","background-media":"","overlay-type":"","overlay-color":"","overlay-gradient":""},"tablet":{"background-color":"","background-image":"","background-repeat":"repeat","background-position":"center center","background-size":"auto","background-attachment":"scroll","background-type":"","background-media":"","overlay-type":"","overlay-color":"","overlay-gradient":""},"mobile":{"background-color":"","background-image":"","background-repeat":"repeat","background-position":"center center","background-size":"auto","background-attachment":"scroll","background-type":"","background-media":"","overlay-type":"","overlay-color":"","overlay-gradient":""}},"ast-content-background-meta":{"desktop":{"background-color":"var(--ast-global-color-5)","background-image":"","background-repeat":"repeat","background-position":"center center","background-size":"auto","background-attachment":"scroll","background-type":"","background-media":"","overlay-type":"","overlay-color":"","overlay-gradient":""},"tablet":{"background-color":"var(--ast-global-color-5)","background-image":"","background-repeat":"repeat","background-position":"center center","background-size":"auto","background-attachment":"scroll","background-type":"","background-media":"","overlay-type":"","overlay-color":"","overlay-gradient":""},"mobile":{"background-color":"var(--ast-global-color-5)","background-image":"","background-repeat":"repeat","background-position":"center center","background-size":"auto","background-attachment":"scroll","background-type":"","background-media":"","overlay-type":"","overlay-color":"","overlay-gradient":""}},"footnotes":""},"_links":{"self":[{"href":"https:\/\/transhumancia.com\/es\/wp-json\/wp\/v2\/pages\/3007"}],"collection":[{"href":"https:\/\/transhumancia.com\/es\/wp-json\/wp\/v2\/pages"}],"about":[{"href":"https:\/\/transhumancia.com\/es\/wp-json\/wp\/v2\/types\/page"}],"author":[{"embeddable":true,"href":"https:\/\/transhumancia.com\/es\/wp-json\/wp\/v2\/users\/2"}],"replies":[{"embeddable":true,"href":"https:\/\/transhumancia.com\/es\/wp-json\/wp\/v2\/comments?post=3007"}],"version-history":[{"count":7,"href":"https:\/\/transhumancia.com\/es\/wp-json\/wp\/v2\/pages\/3007\/revisions"}],"predecessor-version":[{"id":3389,"href":"https:\/\/transhumancia.com\/es\/wp-json\/wp\/v2\/pages\/3007\/revisions\/3389"}],"wp:attachment":[{"href":"https:\/\/transhumancia.com\/es\/wp-json\/wp\/v2\/media?parent=3007"}],"curies":[{"name":"wp","href":"https:\/\/api.w.org\/{rel}","templated":true}]}}