{"id":3012,"date":"2022-03-18T10:49:32","date_gmt":"2022-03-18T08:49:32","guid":{"rendered":"https:\/\/transhumancia.com\/entitats-collaboradores\/"},"modified":"2022-09-12T12:49:27","modified_gmt":"2022-09-12T10:49:27","slug":"entitats-collaboradores","status":"publish","type":"page","link":"https:\/\/transhumancia.com\/es\/entitats-collaboradores\/","title":{"rendered":"Organitzadores y colaboradores"},"content":{"rendered":"\t\t<div data-elementor-type=\"wp-page\" data-elementor-id=\"3012\" class=\"elementor elementor-3012 elementor-2264\" data-elementor-post-type=\"page\">\n\t\t\t\t\t\t<section class=\"elementor-section elementor-top-section elementor-element elementor-element-42d2b520 elementor-section-boxed elementor-section-height-default elementor-section-height-default\" data-id=\"42d2b520\" data-element_type=\"section\">\n\t\t\t\t\t\t<div class=\"elementor-container elementor-column-gap-default\">\n\t\t\t\t\t<div class=\"elementor-column elementor-col-100 elementor-top-column elementor-element elementor-element-7e20c1cf\" data-id=\"7e20c1cf\" data-element_type=\"column\">\n\t\t\t<div class=\"elementor-widget-wrap elementor-element-populated\">\n\t\t\t\t\t\t<div class=\"elementor-element elementor-element-23135764 elementor-widget elementor-widget-text-editor\" data-id=\"23135764\" data-element_type=\"widget\" data-widget_type=\"text-editor.default\">\n\t\t\t\t<div class=\"elementor-widget-container\">\n\t\t\t<style>\/*! elementor - v3.19.0 - 28-02-2024 *\/\n.elementor-widget-text-editor.elementor-drop-cap-view-stacked .elementor-drop-cap{background-color:#69727d;color:#fff}.elementor-widget-text-editor.elementor-drop-cap-view-framed .elementor-drop-cap{color:#69727d;border:3px solid;background-color:transparent}.elementor-widget-text-editor:not(.elementor-drop-cap-view-default) .elementor-drop-cap{margin-top:8px}.elementor-widget-text-editor:not(.elementor-drop-cap-view-default) .elementor-drop-cap-letter{width:1em;height:1em}.elementor-widget-text-editor .elementor-drop-cap{float:left;text-align:center;line-height:1;font-size:50px}.elementor-widget-text-editor .elementor-drop-cap-letter{display:inline-block}<\/style>\t\t\t\t<h2><img fetchpriority=\"high\" decoding=\"async\" class=\"alignnone wp-image-2352\" src=\"https:\/\/transhumancia.com\/wp-content\/uploads\/2022\/03\/Captura-de-pantalla-2022-04-20-a-les-18.49.44-1030x737.png\" width=\"458\" height=\"328\" srcset=\"https:\/\/transhumancia.com\/wp-content\/uploads\/2022\/03\/Captura-de-pantalla-2022-04-20-a-les-18.49.44-1030x737.png 1030w, https:\/\/transhumancia.com\/wp-content\/uploads\/2022\/03\/Captura-de-pantalla-2022-04-20-a-les-18.49.44-300x215.png 300w, https:\/\/transhumancia.com\/wp-content\/uploads\/2022\/03\/Captura-de-pantalla-2022-04-20-a-les-18.49.44-768x550.png 768w, https:\/\/transhumancia.com\/wp-content\/uploads\/2022\/03\/Captura-de-pantalla-2022-04-20-a-les-18.49.44-260x185.png 260w, https:\/\/transhumancia.com\/wp-content\/uploads\/2022\/03\/Captura-de-pantalla-2022-04-20-a-les-18.49.44-705x505.png 705w, https:\/\/transhumancia.com\/wp-content\/uploads\/2022\/03\/Captura-de-pantalla-2022-04-20-a-les-18.49.44-450x322.png 450w, https:\/\/transhumancia.com\/wp-content\/uploads\/2022\/03\/Captura-de-pantalla-2022-04-20-a-les-18.49.44.png 1436w\" sizes=\"(max-width: 458px) 100vw, 458px\" \/><\/h2>\t\t\t\t\t\t<\/div>\n\t\t\t\t<\/div>\n\t\t\t\t<div class=\"elementor-element elementor-element-3f39b67 elementor-widget elementor-widget-heading\" data-id=\"3f39b67\" data-element_type=\"widget\" data-widget_type=\"heading.default\">\n\t\t\t\t<div class=\"elementor-widget-container\">\n\t\t\t<style>\/*! elementor - v3.19.0 - 28-02-2024 *\/\n.elementor-heading-title{padding:0;margin:0;line-height:1}.elementor-widget-heading .elementor-heading-title[class*=elementor-size-]>a{color:inherit;font-size:inherit;line-height:inherit}.elementor-widget-heading .elementor-heading-title.elementor-size-small{font-size:15px}.elementor-widget-heading .elementor-heading-title.elementor-size-medium{font-size:19px}.elementor-widget-heading .elementor-heading-title.elementor-size-large{font-size:29px}.elementor-widget-heading .elementor-heading-title.elementor-size-xl{font-size:39px}.elementor-widget-heading .elementor-heading-title.elementor-size-xxl{font-size:59px}<\/style><h2 class=\"elementor-heading-title elementor-size-default\">Organitzadors i col\u00b7laboradors<\/h2>\t\t<\/div>\n\t\t\t\t<\/div>\n\t\t\t\t<div class=\"elementor-element elementor-element-727674d elementor-widget-divider--view-line elementor-widget elementor-widget-global elementor-global-3317 elementor-widget-divider\" data-id=\"727674d\" data-element_type=\"widget\" data-widget_type=\"divider.default\">\n\t\t\t\t<div class=\"elementor-widget-container\">\n\t\t\t<style>\/*! elementor - v3.19.0 - 28-02-2024 *\/\n.elementor-widget-divider{--divider-border-style:none;--divider-border-width:1px;--divider-color:#0c0d0e;--divider-icon-size:20px;--divider-element-spacing:10px;--divider-pattern-height:24px;--divider-pattern-size:20px;--divider-pattern-url:none;--divider-pattern-repeat:repeat-x}.elementor-widget-divider .elementor-divider{display:flex}.elementor-widget-divider .elementor-divider__text{font-size:15px;line-height:1;max-width:95%}.elementor-widget-divider .elementor-divider__element{margin:0 var(--divider-element-spacing);flex-shrink:0}.elementor-widget-divider .elementor-icon{font-size:var(--divider-icon-size)}.elementor-widget-divider .elementor-divider-separator{display:flex;margin:0;direction:ltr}.elementor-widget-divider--view-line_icon .elementor-divider-separator,.elementor-widget-divider--view-line_text .elementor-divider-separator{align-items:center}.elementor-widget-divider--view-line_icon .elementor-divider-separator:after,.elementor-widget-divider--view-line_icon .elementor-divider-separator:before,.elementor-widget-divider--view-line_text .elementor-divider-separator:after,.elementor-widget-divider--view-line_text .elementor-divider-separator:before{display:block;content:\"\";border-block-end:0;flex-grow:1;border-block-start:var(--divider-border-width) var(--divider-border-style) var(--divider-color)}.elementor-widget-divider--element-align-left .elementor-divider .elementor-divider-separator>.elementor-divider__svg:first-of-type{flex-grow:0;flex-shrink:100}.elementor-widget-divider--element-align-left .elementor-divider-separator:before{content:none}.elementor-widget-divider--element-align-left .elementor-divider__element{margin-left:0}.elementor-widget-divider--element-align-right .elementor-divider .elementor-divider-separator>.elementor-divider__svg:last-of-type{flex-grow:0;flex-shrink:100}.elementor-widget-divider--element-align-right .elementor-divider-separator:after{content:none}.elementor-widget-divider--element-align-right .elementor-divider__element{margin-right:0}.elementor-widget-divider--element-align-start .elementor-divider .elementor-divider-separator>.elementor-divider__svg:first-of-type{flex-grow:0;flex-shrink:100}.elementor-widget-divider--element-align-start .elementor-divider-separator:before{content:none}.elementor-widget-divider--element-align-start .elementor-divider__element{margin-inline-start:0}.elementor-widget-divider--element-align-end .elementor-divider .elementor-divider-separator>.elementor-divider__svg:last-of-type{flex-grow:0;flex-shrink:100}.elementor-widget-divider--element-align-end .elementor-divider-separator:after{content:none}.elementor-widget-divider--element-align-end .elementor-divider__element{margin-inline-end:0}.elementor-widget-divider:not(.elementor-widget-divider--view-line_text):not(.elementor-widget-divider--view-line_icon) .elementor-divider-separator{border-block-start:var(--divider-border-width) var(--divider-border-style) var(--divider-color)}.elementor-widget-divider--separator-type-pattern{--divider-border-style:none}.elementor-widget-divider--separator-type-pattern.elementor-widget-divider--view-line .elementor-divider-separator,.elementor-widget-divider--separator-type-pattern:not(.elementor-widget-divider--view-line) .elementor-divider-separator:after,.elementor-widget-divider--separator-type-pattern:not(.elementor-widget-divider--view-line) .elementor-divider-separator:before,.elementor-widget-divider--separator-type-pattern:not([class*=elementor-widget-divider--view]) .elementor-divider-separator{width:100%;min-height:var(--divider-pattern-height);-webkit-mask-size:var(--divider-pattern-size) 100%;mask-size:var(--divider-pattern-size) 100%;-webkit-mask-repeat:var(--divider-pattern-repeat);mask-repeat:var(--divider-pattern-repeat);background-color:var(--divider-color);-webkit-mask-image:var(--divider-pattern-url);mask-image:var(--divider-pattern-url)}.elementor-widget-divider--no-spacing{--divider-pattern-size:auto}.elementor-widget-divider--bg-round{--divider-pattern-repeat:round}.rtl .elementor-widget-divider .elementor-divider__text{direction:rtl}.e-con-inner>.elementor-widget-divider,.e-con>.elementor-widget-divider{width:var(--container-widget-width,100%);--flex-grow:var(--container-widget-flex-grow)}<\/style>\t\t<div class=\"elementor-divider\">\n\t\t\t<span class=\"elementor-divider-separator\">\n\t\t\t\t\t\t<\/span>\n\t\t<\/div>\n\t\t\t\t<\/div>\n\t\t\t\t<\/div>\n\t\t\t\t<section class=\"elementor-section elementor-inner-section elementor-element elementor-element-8448ce1 elementor-section-boxed elementor-section-height-default elementor-section-height-default\" data-id=\"8448ce1\" data-element_type=\"section\">\n\t\t\t\t\t\t<div class=\"elementor-container elementor-column-gap-default\">\n\t\t\t\t\t<div class=\"elementor-column elementor-col-50 elementor-inner-column elementor-element elementor-element-0ed38c0\" data-id=\"0ed38c0\" data-element_type=\"column\">\n\t\t\t<div class=\"elementor-widget-wrap elementor-element-populated\">\n\t\t\t\t\t\t<div class=\"elementor-element elementor-element-2a5c104 elementor-widget elementor-widget-text-editor\" data-id=\"2a5c104\" data-element_type=\"widget\" data-widget_type=\"text-editor.default\">\n\t\t\t\t<div class=\"elementor-widget-container\">\n\t\t\t\t\t\t\t<h3>Comit\u00e9 organizador<\/h3><ul><li>Laia Batalla (Directora de la Escola de Pastors i Pastores de Catalunya)<\/li><li>Marc Borrell Amor\u00f3s (T\u00e9cnico del IDAPA)<\/li><li>Maria D\u00edaz De Quijano Barbero (Responsable de proyectos de la Escola de Pastors i Pastores de Catalunya)<\/li><li>Ariadna Nieto Espinet (Investigadora del GIP -Grup d\u2019Investigaci\u00f3 Prehist\u00f2rica, Departament d\u2019Hist\u00f2ria, UdL)<\/li><li>Eduard Trepat Deltell (T\u00e8cnico de ARCA)<\/li><li>Daniel Villalba Mata (Professor i investigador del departamento de Ci\u00e8ncia Animal, UdL)<\/li><\/ul><h3><strong><br \/>Entidades organizadoras<\/strong><\/h3><p><a href=\"https:\/\/transhumancia.com\/wp-content\/uploads\/2022\/03\/Captura-de-pantalla-2022-04-20-a-les-18.48.06-1030x215.png\"><img decoding=\"async\" class=\"alignnone wp-image-2353 \" src=\"https:\/\/transhumancia.com\/wp-content\/uploads\/2022\/03\/Captura-de-pantalla-2022-04-20-a-les-18.48.06-1030x215.png\" width=\"695\" height=\"145\" srcset=\"https:\/\/transhumancia.com\/wp-content\/uploads\/2022\/03\/Captura-de-pantalla-2022-04-20-a-les-18.48.06-1030x215.png 1030w, https:\/\/transhumancia.com\/wp-content\/uploads\/2022\/03\/Captura-de-pantalla-2022-04-20-a-les-18.48.06-300x63.png 300w, https:\/\/transhumancia.com\/wp-content\/uploads\/2022\/03\/Captura-de-pantalla-2022-04-20-a-les-18.48.06-768x160.png 768w, https:\/\/transhumancia.com\/wp-content\/uploads\/2022\/03\/Captura-de-pantalla-2022-04-20-a-les-18.48.06-1500x313.png 1500w, https:\/\/transhumancia.com\/wp-content\/uploads\/2022\/03\/Captura-de-pantalla-2022-04-20-a-les-18.48.06-705x147.png 705w, https:\/\/transhumancia.com\/wp-content\/uploads\/2022\/03\/Captura-de-pantalla-2022-04-20-a-les-18.48.06-450x94.png 450w\" sizes=\"(max-width: 695px) 100vw, 695px\" \/><\/a><\/p><h3><strong><br \/>Entidades colaboradoras<\/strong><\/h3><p><img decoding=\"async\" class=\"wp-image-2407 alignleft\" src=\"https:\/\/transhumancia.com\/wp-content\/uploads\/2022\/03\/logos-transh1.jpg\" alt=\"\" width=\"240\" height=\"108\" srcset=\"https:\/\/transhumancia.com\/wp-content\/uploads\/2022\/03\/logos-transh1.jpg 1238w, https:\/\/transhumancia.com\/wp-content\/uploads\/2022\/03\/logos-transh1-300x135.jpg 300w, https:\/\/transhumancia.com\/wp-content\/uploads\/2022\/03\/logos-transh1-768x346.jpg 768w, https:\/\/transhumancia.com\/wp-content\/uploads\/2022\/03\/logos-transh1-1030x464.jpg 1030w, https:\/\/transhumancia.com\/wp-content\/uploads\/2022\/03\/logos-transh1-705x318.jpg 705w, https:\/\/transhumancia.com\/wp-content\/uploads\/2022\/03\/logos-transh1-450x203.jpg 450w\" sizes=\"(max-width: 240px) 100vw, 240px\" \/><a href=\"https:\/\/transhumancia.com\/wp-content\/uploads\/2022\/09\/logo_aj_igualada-450x88-1-300x59.png\"><img loading=\"lazy\" decoding=\"async\" class=\"size-medium wp-image-3009 alignleft\" src=\"https:\/\/transhumancia.com\/wp-content\/uploads\/2022\/09\/logo_aj_igualada-450x88-1-300x59.png\" alt=\"\" width=\"300\" height=\"59\" srcset=\"https:\/\/transhumancia.com\/wp-content\/uploads\/2022\/09\/logo_aj_igualada-450x88-1-300x59.png 300w, https:\/\/transhumancia.com\/wp-content\/uploads\/2022\/09\/logo_aj_igualada-450x88-1.png 450w\" sizes=\"(max-width: 300px) 100vw, 300px\" \/><\/a><\/p>\t\t\t\t\t\t<\/div>\n\t\t\t\t<\/div>\n\t\t\t\t<div class=\"elementor-element elementor-element-f228c1d elementor-widget elementor-widget-spacer\" data-id=\"f228c1d\" data-element_type=\"widget\" data-widget_type=\"spacer.default\">\n\t\t\t\t<div class=\"elementor-widget-container\">\n\t\t\t<style>\/*! elementor - v3.19.0 - 28-02-2024 *\/\n.elementor-column .elementor-spacer-inner{height:var(--spacer-size)}.e-con{--container-widget-width:100%}.e-con-inner>.elementor-widget-spacer,.e-con>.elementor-widget-spacer{width:var(--container-widget-width,var(--spacer-size));--align-self:var(--container-widget-align-self,initial);--flex-shrink:0}.e-con-inner>.elementor-widget-spacer>.elementor-widget-container,.e-con>.elementor-widget-spacer>.elementor-widget-container{height:100%;width:100%}.e-con-inner>.elementor-widget-spacer>.elementor-widget-container>.elementor-spacer,.e-con>.elementor-widget-spacer>.elementor-widget-container>.elementor-spacer{height:100%}.e-con-inner>.elementor-widget-spacer>.elementor-widget-container>.elementor-spacer>.elementor-spacer-inner,.e-con>.elementor-widget-spacer>.elementor-widget-container>.elementor-spacer>.elementor-spacer-inner{height:var(--container-widget-height,var(--spacer-size))}.e-con-inner>.elementor-widget-spacer.elementor-widget-empty,.e-con>.elementor-widget-spacer.elementor-widget-empty{position:relative;min-height:22px;min-width:22px}.e-con-inner>.elementor-widget-spacer.elementor-widget-empty .elementor-widget-empty-icon,.e-con>.elementor-widget-spacer.elementor-widget-empty .elementor-widget-empty-icon{position:absolute;top:0;bottom:0;left:0;right:0;margin:auto;padding:0;width:22px;height:22px}<\/style>\t\t<div class=\"elementor-spacer\">\n\t\t\t<div class=\"elementor-spacer-inner\"><\/div>\n\t\t<\/div>\n\t\t\t\t<\/div>\n\t\t\t\t<\/div>\n\t\t\t\t\t<\/div>\n\t\t<\/div>\n\t\t\t\t<div class=\"elementor-column elementor-col-50 elementor-inner-column elementor-element elementor-element-204a2d2\" data-id=\"204a2d2\" data-element_type=\"column\">\n\t\t\t<div class=\"elementor-widget-wrap elementor-element-populated\">\n\t\t\t\t\t\t<div class=\"elementor-element elementor-element-74b9f42 elementor-widget elementor-widget-heading\" data-id=\"74b9f42\" data-element_type=\"widget\" data-widget_type=\"heading.default\">\n\t\t\t\t<div class=\"elementor-widget-container\">\n\t\t\t<h6 class=\"elementor-heading-title elementor-size-default\">Men\u00fa<\/h6>\t\t<\/div>\n\t\t\t\t<\/div>\n\t\t\t\t<div class=\"elementor-element elementor-element-f390fd5 elementor-nav-menu--dropdown-tablet elementor-nav-menu__text-align-aside elementor-nav-menu--toggle elementor-nav-menu--burger elementor-widget elementor-widget-global elementor-global-3368 elementor-widget-nav-menu\" data-id=\"f390fd5\" data-element_type=\"widget\" data-settings=\"{&quot;layout&quot;:&quot;vertical&quot;,&quot;submenu_icon&quot;:{&quot;value&quot;:&quot;fas fa-caret-down&quot;,&quot;library&quot;:&quot;fa-solid&quot;},&quot;toggle&quot;:&quot;burger&quot;}\" data-widget_type=\"nav-menu.default\">\n\t\t\t\t<div class=\"elementor-widget-container\">\n\t\t\t<link rel=\"stylesheet\" href=\"https:\/\/transhumancia.com\/wp-content\/plugins\/elementor-pro\/assets\/css\/widget-nav-menu.min.css\">\t\t\t<nav class=\"elementor-nav-menu--main elementor-nav-menu__container elementor-nav-menu--layout-vertical e--pointer-underline e--animation-fade\">\n\t\t\t\t<ul id=\"menu-1-f390fd5\" class=\"elementor-nav-menu sm-vertical\"><li class=\"menu-item menu-item-type-post_type menu-item-object-page menu-item-3357\"><a href=\"https:\/\/transhumancia.com\/es\/ii-congres-transhumancia\/\" class=\"elementor-item menu-link\">II Congreso Transhumancia<\/a><\/li>\n<li class=\"menu-item menu-item-type-post_type menu-item-object-page menu-item-3374\"><a href=\"https:\/\/transhumancia.com\/es\/objectius-i-estructura-del-congres-2\/\" class=\"elementor-item menu-link\">Objetivos y estructura del congreso<\/a><\/li>\n<li class=\"menu-item menu-item-type-post_type menu-item-object-page menu-item-3364\"><a href=\"https:\/\/transhumancia.com\/es\/programa-3\/\" class=\"elementor-item menu-link\">Programa<\/a><\/li>\n<li class=\"menu-item menu-item-type-post_type menu-item-object-page menu-item-3358\"><a href=\"https:\/\/transhumancia.com\/es\/inscripcions-2\/\" class=\"elementor-item menu-link\">Inscripciones<\/a><\/li>\n<li class=\"menu-item menu-item-type-post_type menu-item-object-page menu-item-3356\"><a href=\"https:\/\/transhumancia.com\/es\/comunicacions\/\" class=\"elementor-item menu-link\">Comunicaciones<\/a><\/li>\n<li class=\"menu-item menu-item-type-post_type menu-item-object-page menu-item-3362\"><a href=\"https:\/\/transhumancia.com\/es\/entitats-collaboradores\/\" class=\"elementor-item menu-link\">Organitzadores y colaboradores<\/a><\/li>\n<\/ul>\t\t\t<\/nav>\n\t\t\t\t\t<div class=\"elementor-menu-toggle\" role=\"button\" tabindex=\"0\" aria-label=\"Alternar men\u00fa\" aria-expanded=\"false\">\n\t\t\t<i aria-hidden=\"true\" role=\"presentation\" class=\"elementor-menu-toggle__icon--open eicon-menu-bar\"><\/i><i aria-hidden=\"true\" role=\"presentation\" class=\"elementor-menu-toggle__icon--close eicon-close\"><\/i>\t\t\t<span class=\"elementor-screen-only\">Men\u00fa<\/span>\n\t\t<\/div>\n\t\t\t\t\t<nav class=\"elementor-nav-menu--dropdown elementor-nav-menu__container\" aria-hidden=\"true\">\n\t\t\t\t<ul id=\"menu-2-f390fd5\" class=\"elementor-nav-menu sm-vertical\"><li class=\"menu-item menu-item-type-post_type menu-item-object-page menu-item-3357\"><a href=\"https:\/\/transhumancia.com\/es\/ii-congres-transhumancia\/\" class=\"elementor-item menu-link\" tabindex=\"-1\">II Congreso Transhumancia<\/a><\/li>\n<li class=\"menu-item menu-item-type-post_type menu-item-object-page menu-item-3374\"><a href=\"https:\/\/transhumancia.com\/es\/objectius-i-estructura-del-congres-2\/\" class=\"elementor-item menu-link\" tabindex=\"-1\">Objetivos y estructura del congreso<\/a><\/li>\n<li class=\"menu-item menu-item-type-post_type menu-item-object-page menu-item-3364\"><a href=\"https:\/\/transhumancia.com\/es\/programa-3\/\" class=\"elementor-item menu-link\" tabindex=\"-1\">Programa<\/a><\/li>\n<li class=\"menu-item menu-item-type-post_type menu-item-object-page menu-item-3358\"><a href=\"https:\/\/transhumancia.com\/es\/inscripcions-2\/\" class=\"elementor-item menu-link\" tabindex=\"-1\">Inscripciones<\/a><\/li>\n<li class=\"menu-item menu-item-type-post_type menu-item-object-page menu-item-3356\"><a href=\"https:\/\/transhumancia.com\/es\/comunicacions\/\" class=\"elementor-item menu-link\" tabindex=\"-1\">Comunicaciones<\/a><\/li>\n<li class=\"menu-item menu-item-type-post_type menu-item-object-page menu-item-3362\"><a href=\"https:\/\/transhumancia.com\/es\/entitats-collaboradores\/\" class=\"elementor-item menu-link\" tabindex=\"-1\">Organitzadores y colaboradores<\/a><\/li>\n<\/ul>\t\t\t<\/nav>\n\t\t\t\t<\/div>\n\t\t\t\t<\/div>\n\t\t\t\t\t<\/div>\n\t\t<\/div>\n\t\t\t\t\t<\/div>\n\t\t<\/section>\n\t\t\t\t\t<\/div>\n\t\t<\/div>\n\t\t\t\t\t<\/div>\n\t\t<\/section>\n\t\t\t\t<\/div>\n\t\t","protected":false},"excerpt":{"rendered":"<p>Organitzadors i col\u00b7laboradors Comit\u00e9 organizador Laia Batalla (Directora de la Escola de Pastors i Pastores de Catalunya) Marc Borrell Amor\u00f3s (T\u00e9cnico del IDAPA) Maria D\u00edaz De Quijano Barbero (Responsable de proyectos de la Escola de Pastors i Pastores de Catalunya) Ariadna Nieto Espinet (Investigadora del GIP -Grup d\u2019Investigaci\u00f3 Prehist\u00f2rica, Departament d\u2019Hist\u00f2ria, UdL) Eduard Trepat Deltell [&hellip;]<\/p>\n","protected":false},"author":2,"featured_media":0,"parent":0,"menu_order":0,"comment_status":"closed","ping_status":"closed","template":"","meta":{"site-sidebar-layout":"default","site-content-layout":"default","ast-site-content-layout":"","site-content-style":"default","site-sidebar-style":"default","ast-global-header-display":"","ast-banner-title-visibility":"","ast-main-header-display":"","ast-hfb-above-header-display":"","ast-hfb-below-header-display":"","ast-hfb-mobile-header-display":"","site-post-title":"disabled","ast-breadcrumbs-content":"","ast-featured-img":"","footer-sml-layout":"","theme-transparent-header-meta":"default","adv-header-id-meta":"","stick-header-meta":"default","header-above-stick-meta":"","header-main-stick-meta":"","header-below-stick-meta":"","astra-migrate-meta-layouts":"default","ast-page-background-enabled":"default","ast-page-background-meta":{"desktop":{"background-color":"var(--ast-global-color-4)","background-image":"","background-repeat":"repeat","background-position":"center center","background-size":"auto","background-attachment":"scroll","background-type":"","background-media":"","overlay-type":"","overlay-color":"","overlay-gradient":""},"tablet":{"background-color":"","background-image":"","background-repeat":"repeat","background-position":"center center","background-size":"auto","background-attachment":"scroll","background-type":"","background-media":"","overlay-type":"","overlay-color":"","overlay-gradient":""},"mobile":{"background-color":"","background-image":"","background-repeat":"repeat","background-position":"center center","background-size":"auto","background-attachment":"scroll","background-type":"","background-media":"","overlay-type":"","overlay-color":"","overlay-gradient":""}},"ast-content-background-meta":{"desktop":{"background-color":"var(--ast-global-color-5)","background-image":"","background-repeat":"repeat","background-position":"center center","background-size":"auto","background-attachment":"scroll","background-type":"","background-media":"","overlay-type":"","overlay-color":"","overlay-gradient":""},"tablet":{"background-color":"var(--ast-global-color-5)","background-image":"","background-repeat":"repeat","background-position":"center center","background-size":"auto","background-attachment":"scroll","background-type":"","background-media":"","overlay-type":"","overlay-color":"","overlay-gradient":""},"mobile":{"background-color":"var(--ast-global-color-5)","background-image":"","background-repeat":"repeat","background-position":"center center","background-size":"auto","background-attachment":"scroll","background-type":"","background-media":"","overlay-type":"","overlay-color":"","overlay-gradient":""}},"footnotes":""},"_links":{"self":[{"href":"https:\/\/transhumancia.com\/es\/wp-json\/wp\/v2\/pages\/3012"}],"collection":[{"href":"https:\/\/transhumancia.com\/es\/wp-json\/wp\/v2\/pages"}],"about":[{"href":"https:\/\/transhumancia.com\/es\/wp-json\/wp\/v2\/types\/page"}],"author":[{"embeddable":true,"href":"https:\/\/transhumancia.com\/es\/wp-json\/wp\/v2\/users\/2"}],"replies":[{"embeddable":true,"href":"https:\/\/transhumancia.com\/es\/wp-json\/wp\/v2\/comments?post=3012"}],"version-history":[{"count":16,"href":"https:\/\/transhumancia.com\/es\/wp-json\/wp\/v2\/pages\/3012\/revisions"}],"predecessor-version":[{"id":3407,"href":"https:\/\/transhumancia.com\/es\/wp-json\/wp\/v2\/pages\/3012\/revisions\/3407"}],"wp:attachment":[{"href":"https:\/\/transhumancia.com\/es\/wp-json\/wp\/v2\/media?parent=3012"}],"curies":[{"name":"wp","href":"https:\/\/api.w.org\/{rel}","templated":true}]}}