{"id":3267,"date":"2015-09-09T10:37:21","date_gmt":"2015-09-09T08:37:21","guid":{"rendered":"https:\/\/transhumancia.com\/noticies\/"},"modified":"2022-09-12T11:02:08","modified_gmt":"2022-09-12T09:02:08","slug":"noticies","status":"publish","type":"page","link":"https:\/\/transhumancia.com\/es\/noticies\/","title":{"rendered":"Noticias"},"content":{"rendered":"\t\t<div data-elementor-type=\"wp-page\" data-elementor-id=\"3267\" class=\"elementor elementor-3267 elementor-198\" data-elementor-post-type=\"page\">\n\t\t\t\t\t\t<section class=\"elementor-section elementor-top-section elementor-element elementor-element-2fb8a4df elementor-section-boxed elementor-section-height-default elementor-section-height-default\" data-id=\"2fb8a4df\" data-element_type=\"section\">\n\t\t\t\t\t\t<div class=\"elementor-container elementor-column-gap-default\">\n\t\t\t\t\t<div class=\"elementor-column elementor-col-100 elementor-top-column elementor-element elementor-element-12b70ab4\" data-id=\"12b70ab4\" data-element_type=\"column\">\n\t\t\t<div class=\"elementor-widget-wrap elementor-element-populated\">\n\t\t\t\t\t\t<div class=\"elementor-element elementor-element-1ac3e904 elementor-widget elementor-widget-heading\" data-id=\"1ac3e904\" data-element_type=\"widget\" data-widget_type=\"heading.default\">\n\t\t\t\t<div class=\"elementor-widget-container\">\n\t\t\t<style>\/*! elementor - v3.19.0 - 28-02-2024 *\/\n.elementor-heading-title{padding:0;margin:0;line-height:1}.elementor-widget-heading .elementor-heading-title[class*=elementor-size-]>a{color:inherit;font-size:inherit;line-height:inherit}.elementor-widget-heading .elementor-heading-title.elementor-size-small{font-size:15px}.elementor-widget-heading .elementor-heading-title.elementor-size-medium{font-size:19px}.elementor-widget-heading .elementor-heading-title.elementor-size-large{font-size:29px}.elementor-widget-heading .elementor-heading-title.elementor-size-xl{font-size:39px}.elementor-widget-heading .elementor-heading-title.elementor-size-xxl{font-size:59px}<\/style><h2 class=\"elementor-heading-title elementor-size-default\">Noticias<\/h2>\t\t<\/div>\n\t\t\t\t<\/div>\n\t\t\t\t<div class=\"elementor-element elementor-element-339d512 elementor-widget-divider--view-line elementor-widget elementor-widget-divider\" data-id=\"339d512\" data-element_type=\"widget\" data-widget_type=\"divider.default\">\n\t\t\t\t<div class=\"elementor-widget-container\">\n\t\t\t<style>\/*! elementor - v3.19.0 - 28-02-2024 *\/\n.elementor-widget-divider{--divider-border-style:none;--divider-border-width:1px;--divider-color:#0c0d0e;--divider-icon-size:20px;--divider-element-spacing:10px;--divider-pattern-height:24px;--divider-pattern-size:20px;--divider-pattern-url:none;--divider-pattern-repeat:repeat-x}.elementor-widget-divider .elementor-divider{display:flex}.elementor-widget-divider .elementor-divider__text{font-size:15px;line-height:1;max-width:95%}.elementor-widget-divider .elementor-divider__element{margin:0 var(--divider-element-spacing);flex-shrink:0}.elementor-widget-divider .elementor-icon{font-size:var(--divider-icon-size)}.elementor-widget-divider .elementor-divider-separator{display:flex;margin:0;direction:ltr}.elementor-widget-divider--view-line_icon .elementor-divider-separator,.elementor-widget-divider--view-line_text .elementor-divider-separator{align-items:center}.elementor-widget-divider--view-line_icon .elementor-divider-separator:after,.elementor-widget-divider--view-line_icon .elementor-divider-separator:before,.elementor-widget-divider--view-line_text .elementor-divider-separator:after,.elementor-widget-divider--view-line_text .elementor-divider-separator:before{display:block;content:\"\";border-block-end:0;flex-grow:1;border-block-start:var(--divider-border-width) var(--divider-border-style) var(--divider-color)}.elementor-widget-divider--element-align-left .elementor-divider .elementor-divider-separator>.elementor-divider__svg:first-of-type{flex-grow:0;flex-shrink:100}.elementor-widget-divider--element-align-left .elementor-divider-separator:before{content:none}.elementor-widget-divider--element-align-left .elementor-divider__element{margin-left:0}.elementor-widget-divider--element-align-right .elementor-divider .elementor-divider-separator>.elementor-divider__svg:last-of-type{flex-grow:0;flex-shrink:100}.elementor-widget-divider--element-align-right .elementor-divider-separator:after{content:none}.elementor-widget-divider--element-align-right .elementor-divider__element{margin-right:0}.elementor-widget-divider--element-align-start .elementor-divider .elementor-divider-separator>.elementor-divider__svg:first-of-type{flex-grow:0;flex-shrink:100}.elementor-widget-divider--element-align-start .elementor-divider-separator:before{content:none}.elementor-widget-divider--element-align-start .elementor-divider__element{margin-inline-start:0}.elementor-widget-divider--element-align-end .elementor-divider .elementor-divider-separator>.elementor-divider__svg:last-of-type{flex-grow:0;flex-shrink:100}.elementor-widget-divider--element-align-end .elementor-divider-separator:after{content:none}.elementor-widget-divider--element-align-end .elementor-divider__element{margin-inline-end:0}.elementor-widget-divider:not(.elementor-widget-divider--view-line_text):not(.elementor-widget-divider--view-line_icon) .elementor-divider-separator{border-block-start:var(--divider-border-width) var(--divider-border-style) var(--divider-color)}.elementor-widget-divider--separator-type-pattern{--divider-border-style:none}.elementor-widget-divider--separator-type-pattern.elementor-widget-divider--view-line .elementor-divider-separator,.elementor-widget-divider--separator-type-pattern:not(.elementor-widget-divider--view-line) .elementor-divider-separator:after,.elementor-widget-divider--separator-type-pattern:not(.elementor-widget-divider--view-line) .elementor-divider-separator:before,.elementor-widget-divider--separator-type-pattern:not([class*=elementor-widget-divider--view]) .elementor-divider-separator{width:100%;min-height:var(--divider-pattern-height);-webkit-mask-size:var(--divider-pattern-size) 100%;mask-size:var(--divider-pattern-size) 100%;-webkit-mask-repeat:var(--divider-pattern-repeat);mask-repeat:var(--divider-pattern-repeat);background-color:var(--divider-color);-webkit-mask-image:var(--divider-pattern-url);mask-image:var(--divider-pattern-url)}.elementor-widget-divider--no-spacing{--divider-pattern-size:auto}.elementor-widget-divider--bg-round{--divider-pattern-repeat:round}.rtl .elementor-widget-divider .elementor-divider__text{direction:rtl}.e-con-inner>.elementor-widget-divider,.e-con>.elementor-widget-divider{width:var(--container-widget-width,100%);--flex-grow:var(--container-widget-flex-grow)}<\/style>\t\t<div class=\"elementor-divider\">\n\t\t\t<span class=\"elementor-divider-separator\">\n\t\t\t\t\t\t<\/span>\n\t\t<\/div>\n\t\t\t\t<\/div>\n\t\t\t\t<\/div>\n\t\t\t\t\t<\/div>\n\t\t<\/div>\n\t\t\t\t\t<\/div>\n\t\t<\/section>\n\t\t\t\t<section class=\"elementor-section elementor-top-section elementor-element elementor-element-45f8d9d elementor-section-boxed elementor-section-height-default elementor-section-height-default\" data-id=\"45f8d9d\" data-element_type=\"section\">\n\t\t\t\t\t\t<div class=\"elementor-container elementor-column-gap-default\">\n\t\t\t\t\t<div class=\"elementor-column elementor-col-50 elementor-top-column elementor-element elementor-element-cf35704\" data-id=\"cf35704\" data-element_type=\"column\">\n\t\t\t<div class=\"elementor-widget-wrap elementor-element-populated\">\n\t\t\t\t\t\t<div class=\"elementor-element elementor-element-830ab85 elementor-grid-1 elementor-grid-tablet-2 elementor-grid-mobile-1 elementor-posts--thumbnail-top elementor-card-shadow-yes elementor-posts__hover-gradient elementor-widget elementor-widget-posts\" data-id=\"830ab85\" data-element_type=\"widget\" data-settings=\"{&quot;cards_columns&quot;:&quot;1&quot;,&quot;cards_columns_tablet&quot;:&quot;2&quot;,&quot;cards_columns_mobile&quot;:&quot;1&quot;,&quot;cards_row_gap&quot;:{&quot;unit&quot;:&quot;px&quot;,&quot;size&quot;:35,&quot;sizes&quot;:[]},&quot;cards_row_gap_tablet&quot;:{&quot;unit&quot;:&quot;px&quot;,&quot;size&quot;:&quot;&quot;,&quot;sizes&quot;:[]},&quot;cards_row_gap_mobile&quot;:{&quot;unit&quot;:&quot;px&quot;,&quot;size&quot;:&quot;&quot;,&quot;sizes&quot;:[]}}\" data-widget_type=\"posts.cards\">\n\t\t\t\t<div class=\"elementor-widget-container\">\n\t\t\t<link rel=\"stylesheet\" href=\"https:\/\/transhumancia.com\/wp-content\/plugins\/elementor-pro\/assets\/css\/widget-posts.min.css\">\t\t<div class=\"elementor-posts-container elementor-posts elementor-posts--skin-cards elementor-grid\">\n\t\t\t\t<article class=\"elementor-post elementor-grid-item post-3247 post type-post status-publish format-standard has-post-thumbnail hentry category-noticies-es\">\n\t\t\t<div class=\"elementor-post__card\">\n\t\t\t\t<a class=\"elementor-post__thumbnail__link\" href=\"https:\/\/transhumancia.com\/es\/ii-congres-de-transhumancia-i-camins-ramaders-de-catalunya\/\" tabindex=\"-1\" ><div class=\"elementor-post__thumbnail\"><img fetchpriority=\"high\" decoding=\"async\" width=\"1030\" height=\"518\" src=\"https:\/\/transhumancia.com\/wp-content\/uploads\/2022\/03\/baner-congres-1-1030x518.jpg\" class=\"attachment-large size-large wp-image-2862\" alt=\"\" srcset=\"https:\/\/transhumancia.com\/wp-content\/uploads\/2022\/03\/baner-congres-1-1030x518.jpg 1030w, https:\/\/transhumancia.com\/wp-content\/uploads\/2022\/03\/baner-congres-1-300x151.jpg 300w, https:\/\/transhumancia.com\/wp-content\/uploads\/2022\/03\/baner-congres-1-768x386.jpg 768w, https:\/\/transhumancia.com\/wp-content\/uploads\/2022\/03\/baner-congres-1.jpg 1500w, https:\/\/transhumancia.com\/wp-content\/uploads\/2022\/03\/baner-congres-1-705x354.jpg 705w, https:\/\/transhumancia.com\/wp-content\/uploads\/2022\/03\/baner-congres-1-450x226.jpg 450w\" sizes=\"(max-width: 1030px) 100vw, 1030px\" \/><\/div><\/a>\n\t\t\t\t<div class=\"elementor-post__text\">\n\t\t\t\t<h3 class=\"elementor-post__title\">\n\t\t\t<a href=\"https:\/\/transhumancia.com\/es\/ii-congres-de-transhumancia-i-camins-ramaders-de-catalunya\/\" >\n\t\t\t\tII Congr\u00e9s de Transhum\u00e0ncia i Camins Ramaders de Catalunya.\t\t\t<\/a>\n\t\t<\/h3>\n\t\t\t\t<div class=\"elementor-post__excerpt\">\n\t\t\t<p>Aqu\u00ed presentem la\u00a0segona edici\u00f3 del Congr\u00e9s\u00a0que sorgeix de la inquietud pel que fa a la situaci\u00f3 actual del sector i de la voluntat de continu\u00eftat despr\u00e9s de l&#8217;\u00e8xit i l\u2019acollida que va tenir la primera edici\u00f3. Els objectius principals d\u2019aquesta segona edici\u00f3 continuen sent la posada en valor de la transhum\u00e0ncia i la xarxa de<\/p>\n\t\t<\/div>\n\t\t\t\t<\/div>\n\t\t\t\t<div class=\"elementor-post__meta-data\">\n\t\t\t\t\t<span class=\"elementor-post-date\">\n\t\t\t21 abril, 2022\t\t<\/span>\n\t\t\t\t<span class=\"elementor-post-avatar\">\n\t\t\tNo hay comentarios\t\t<\/span>\n\t\t\t\t<\/div>\n\t\t\t\t\t<\/div>\n\t\t<\/article>\n\t\t\t\t<article class=\"elementor-post elementor-grid-item post-3248 post type-post status-publish format-standard has-post-thumbnail hentry category-noticies-es\">\n\t\t\t<div class=\"elementor-post__card\">\n\t\t\t\t<a class=\"elementor-post__thumbnail__link\" href=\"https:\/\/transhumancia.com\/es\/jornada-tecnica-ramaderia-extensiva-noves-tecnologies-i-xarxes-socials\/\" tabindex=\"-1\" ><div class=\"elementor-post__thumbnail\"><img decoding=\"async\" width=\"454\" height=\"451\" src=\"https:\/\/transhumancia.com\/wp-content\/uploads\/2021\/11\/destacat.jpg\" class=\"attachment-large size-large wp-image-2856\" alt=\"\" srcset=\"https:\/\/transhumancia.com\/wp-content\/uploads\/2021\/11\/destacat.jpg 454w, https:\/\/transhumancia.com\/wp-content\/uploads\/2021\/11\/destacat-80x80.jpg 80w, https:\/\/transhumancia.com\/wp-content\/uploads\/2021\/11\/destacat-300x298.jpg 300w, https:\/\/transhumancia.com\/wp-content\/uploads\/2021\/11\/destacat-36x36.jpg 36w, https:\/\/transhumancia.com\/wp-content\/uploads\/2021\/11\/destacat-180x180.jpg 180w, https:\/\/transhumancia.com\/wp-content\/uploads\/2021\/11\/destacat-120x120.jpg 120w, https:\/\/transhumancia.com\/wp-content\/uploads\/2021\/11\/destacat-450x447.jpg 450w\" sizes=\"(max-width: 454px) 100vw, 454px\" \/><\/div><\/a>\n\t\t\t\t<div class=\"elementor-post__text\">\n\t\t\t\t<h3 class=\"elementor-post__title\">\n\t\t\t<a href=\"https:\/\/transhumancia.com\/es\/jornada-tecnica-ramaderia-extensiva-noves-tecnologies-i-xarxes-socials\/\" >\n\t\t\t\tJornada T\u00e8cnica: Ramaderia extensiva, noves tecnologies i xarxes socials\t\t\t<\/a>\n\t\t<\/h3>\n\t\t\t\t<div class=\"elementor-post__excerpt\">\n\t\t\t<p>Presentaci\u00f3 L\u2019aven\u00e7 de noves tecnologies ha perm\u00e8s que la revoluci\u00f3 digital i intel\u00b7ligent tamb\u00e9 hagi arribat a la ramaderia. La integraci\u00f3 d\u2019aquestes noves tecnologies (i la connectivitat a trav\u00e9s de les xarxes) a l\u2019entorn rural \u00e9s un impuls clau per acabar amb l\u2019anomenada brecha digital que separa les grans zones urbanes del camp. La ramaderia<\/p>\n\t\t<\/div>\n\t\t\t\t<\/div>\n\t\t\t\t<div class=\"elementor-post__meta-data\">\n\t\t\t\t\t<span class=\"elementor-post-date\">\n\t\t\t23 noviembre, 2021\t\t<\/span>\n\t\t\t\t<span class=\"elementor-post-avatar\">\n\t\t\tNo hay comentarios\t\t<\/span>\n\t\t\t\t<\/div>\n\t\t\t\t\t<\/div>\n\t\t<\/article>\n\t\t\t\t<article class=\"elementor-post elementor-grid-item post-3250 post type-post status-publish format-standard has-post-thumbnail hentry category-noticias-2 category-noticies-es\">\n\t\t\t<div class=\"elementor-post__card\">\n\t\t\t\t<a class=\"elementor-post__thumbnail__link\" href=\"https:\/\/transhumancia.com\/es\/el-cami-ramader-de-marina-de-la-cerdanya-al-penedes\/\" tabindex=\"-1\" ><div class=\"elementor-post__thumbnail\"><img decoding=\"async\" width=\"600\" height=\"450\" src=\"https:\/\/transhumancia.com\/wp-content\/uploads\/2019\/12\/1574343366_cami-ramader-de-marina.jpg\" class=\"attachment-large size-large wp-image-2853\" alt=\"\" srcset=\"https:\/\/transhumancia.com\/wp-content\/uploads\/2019\/12\/1574343366_cami-ramader-de-marina.jpg 600w, https:\/\/transhumancia.com\/wp-content\/uploads\/2019\/12\/1574343366_cami-ramader-de-marina-300x225.jpg 300w, https:\/\/transhumancia.com\/wp-content\/uploads\/2019\/12\/1574343366_cami-ramader-de-marina-450x338.jpg 450w\" sizes=\"(max-width: 600px) 100vw, 600px\" \/><\/div><\/a>\n\t\t\t\t<div class=\"elementor-post__text\">\n\t\t\t\t<h3 class=\"elementor-post__title\">\n\t\t\t<a href=\"https:\/\/transhumancia.com\/es\/el-cami-ramader-de-marina-de-la-cerdanya-al-penedes\/\" >\n\t\t\t\tEl camino ganadero de Marina. De la Cerda\u00f1a al Pened\u00e9s.\t\t\t<\/a>\n\t\t<\/h3>\n\t\t\t\t<div class=\"elementor-post__excerpt\">\n\t\t\t<p>Esta ruta trashumante es la m\u00e1s antigua referenciada en Catalu\u00f1a. Desde la Edad Mediana ha permitido los ganaderos n\u00f3madas del territorio mover el ganado entre el Pirineo y el litoral catal\u00e1n con el objetivo de alimentar el ganado con los mejores pastos aprovechando los ciclos naturales de la vegetaci\u00f3n. Descubriremos los aspectos hist\u00f3ricos, sociales, culturales<\/p>\n\t\t<\/div>\n\t\t\t\t<\/div>\n\t\t\t\t<div class=\"elementor-post__meta-data\">\n\t\t\t\t\t<span class=\"elementor-post-date\">\n\t\t\t11 diciembre, 2019\t\t<\/span>\n\t\t\t\t<span class=\"elementor-post-avatar\">\n\t\t\tNo hay comentarios\t\t<\/span>\n\t\t\t\t<\/div>\n\t\t\t\t\t<\/div>\n\t\t<\/article>\n\t\t\t\t<article class=\"elementor-post elementor-grid-item post-3252 post type-post status-publish format-standard has-post-thumbnail hentry category-noticias-2\">\n\t\t\t<div class=\"elementor-post__card\">\n\t\t\t\t<a class=\"elementor-post__thumbnail__link\" href=\"https:\/\/transhumancia.com\/es\/nou-pas-per-a-la-recuperacio-de-la-ruta-de-la-transhumancia-cunit-sta-coloma-de-queralt\/\" tabindex=\"-1\" ><div class=\"elementor-post__thumbnail\"><img loading=\"lazy\" decoding=\"async\" width=\"900\" height=\"675\" src=\"https:\/\/transhumancia.com\/wp-content\/uploads\/2019\/12\/5c771b639a49f0a06802c870c82b74ce_XL.jpg\" class=\"attachment-large size-large wp-image-2851\" alt=\"\" srcset=\"https:\/\/transhumancia.com\/wp-content\/uploads\/2019\/12\/5c771b639a49f0a06802c870c82b74ce_XL.jpg 900w, https:\/\/transhumancia.com\/wp-content\/uploads\/2019\/12\/5c771b639a49f0a06802c870c82b74ce_XL-300x225.jpg 300w, https:\/\/transhumancia.com\/wp-content\/uploads\/2019\/12\/5c771b639a49f0a06802c870c82b74ce_XL-768x576.jpg 768w, https:\/\/transhumancia.com\/wp-content\/uploads\/2019\/12\/5c771b639a49f0a06802c870c82b74ce_XL-705x529.jpg 705w, https:\/\/transhumancia.com\/wp-content\/uploads\/2019\/12\/5c771b639a49f0a06802c870c82b74ce_XL-450x338.jpg 450w\" sizes=\"(max-width: 900px) 100vw, 900px\" \/><\/div><\/a>\n\t\t\t\t<div class=\"elementor-post__text\">\n\t\t\t\t<h3 class=\"elementor-post__title\">\n\t\t\t<a href=\"https:\/\/transhumancia.com\/es\/nou-pas-per-a-la-recuperacio-de-la-ruta-de-la-transhumancia-cunit-sta-coloma-de-queralt\/\" >\n\t\t\t\tNuevo paso para la recuperaci\u00f3n de la Ruta de la Transhumancia Cunit-Santa Coloma de Queralt\t\t\t<\/a>\n\t\t<\/h3>\n\t\t\t\t<div class=\"elementor-post__excerpt\">\n\t\t\t<p>El objetivo es crear un cat\u00e1logo con el contenido patrimonial y de servicios de los municipios y ofrecer la Ruta como nuevo atractivo tur\u00edstico El pasado martes 26 de noviembre, tuvo lugar una nueva reuni\u00f3n entre los municipios del Pened\u00e9s por donde pasa la ruta Cunit-Santa\u00a0Coloma de\u00a0Queralt. Un proyecto que ha partido de Cunit y<\/p>\n\t\t<\/div>\n\t\t\t\t<\/div>\n\t\t\t\t<div class=\"elementor-post__meta-data\">\n\t\t\t\t\t<span class=\"elementor-post-date\">\n\t\t\t3 diciembre, 2019\t\t<\/span>\n\t\t\t\t<span class=\"elementor-post-avatar\">\n\t\t\tNo hay comentarios\t\t<\/span>\n\t\t\t\t<\/div>\n\t\t\t\t\t<\/div>\n\t\t<\/article>\n\t\t\t\t<article class=\"elementor-post elementor-grid-item post-3254 post type-post status-publish format-standard has-post-thumbnail hentry category-noticias-2 category-noticies-es\">\n\t\t\t<div class=\"elementor-post__card\">\n\t\t\t\t<a class=\"elementor-post__thumbnail__link\" href=\"https:\/\/transhumancia.com\/es\/protegint-les-vies-pecuaries\/\" tabindex=\"-1\" ><div class=\"elementor-post__thumbnail\"><img loading=\"lazy\" decoding=\"async\" width=\"1030\" height=\"633\" src=\"https:\/\/transhumancia.com\/wp-content\/uploads\/2019\/11\/1572261435_385366_1572261907_noticia_normal_recorte1-1-1030x633.jpg\" class=\"attachment-large size-large wp-image-2850\" alt=\"\" srcset=\"https:\/\/transhumancia.com\/wp-content\/uploads\/2019\/11\/1572261435_385366_1572261907_noticia_normal_recorte1-1-1030x633.jpg 1030w, https:\/\/transhumancia.com\/wp-content\/uploads\/2019\/11\/1572261435_385366_1572261907_noticia_normal_recorte1-1-300x184.jpg 300w, https:\/\/transhumancia.com\/wp-content\/uploads\/2019\/11\/1572261435_385366_1572261907_noticia_normal_recorte1-1-768x472.jpg 768w, https:\/\/transhumancia.com\/wp-content\/uploads\/2019\/11\/1572261435_385366_1572261907_noticia_normal_recorte1-1-705x433.jpg 705w, https:\/\/transhumancia.com\/wp-content\/uploads\/2019\/11\/1572261435_385366_1572261907_noticia_normal_recorte1-1-450x277.jpg 450w, https:\/\/transhumancia.com\/wp-content\/uploads\/2019\/11\/1572261435_385366_1572261907_noticia_normal_recorte1-1.jpg 1300w\" sizes=\"(max-width: 1030px) 100vw, 1030px\" \/><\/div><\/a>\n\t\t\t\t<div class=\"elementor-post__text\">\n\t\t\t\t<h3 class=\"elementor-post__title\">\n\t\t\t<a href=\"https:\/\/transhumancia.com\/es\/protegint-les-vies-pecuaries\/\" >\n\t\t\t\tProtegiendo las v\u00edas pecuarias\t\t\t<\/a>\n\t\t<\/h3>\n\t\t\t\t<div class=\"elementor-post__excerpt\">\n\t\t\t<p>La Junta actualiza la clasificaci\u00f3n de las ca\u00f1adas, cordeles, coladas y descansaderos de Moradillo de Roa y Gumiel de Mercado La Junta de Castilla y Le\u00f3n redefine los l\u00edmites de las v\u00edas pecuarias que atraviesan Gumiel de Mercado y Moradillo de Roa. El Bolet\u00edn Oficial de Castilla y Le\u00f3n publica este lunes la orden por<\/p>\n\t\t<\/div>\n\t\t\t\t<\/div>\n\t\t\t\t<div class=\"elementor-post__meta-data\">\n\t\t\t\t\t<span class=\"elementor-post-date\">\n\t\t\t27 noviembre, 2019\t\t<\/span>\n\t\t\t\t<span class=\"elementor-post-avatar\">\n\t\t\tNo hay comentarios\t\t<\/span>\n\t\t\t\t<\/div>\n\t\t\t\t\t<\/div>\n\t\t<\/article>\n\t\t\t\t<article class=\"elementor-post elementor-grid-item post-3256 post type-post status-publish format-standard has-post-thumbnail hentry category-noticias-2\">\n\t\t\t<div class=\"elementor-post__card\">\n\t\t\t\t<a class=\"elementor-post__thumbnail__link\" href=\"https:\/\/transhumancia.com\/es\/transhumancia-contra-el-canvi-climatic\/\" tabindex=\"-1\" ><div class=\"elementor-post__thumbnail\"><img loading=\"lazy\" decoding=\"async\" width=\"670\" height=\"436\" src=\"https:\/\/transhumancia.com\/wp-content\/uploads\/2019\/11\/mid_20204_Trashumancia-contra-el-cambio-clim-tico-1.jpg\" class=\"attachment-large size-large wp-image-2848\" alt=\"\" srcset=\"https:\/\/transhumancia.com\/wp-content\/uploads\/2019\/11\/mid_20204_Trashumancia-contra-el-cambio-clim-tico-1.jpg 670w, https:\/\/transhumancia.com\/wp-content\/uploads\/2019\/11\/mid_20204_Trashumancia-contra-el-cambio-clim-tico-1-300x195.jpg 300w, https:\/\/transhumancia.com\/wp-content\/uploads\/2019\/11\/mid_20204_Trashumancia-contra-el-cambio-clim-tico-1-450x293.jpg 450w\" sizes=\"(max-width: 670px) 100vw, 670px\" \/><\/div><\/a>\n\t\t\t\t<div class=\"elementor-post__text\">\n\t\t\t\t<h3 class=\"elementor-post__title\">\n\t\t\t<a href=\"https:\/\/transhumancia.com\/es\/transhumancia-contra-el-canvi-climatic\/\" >\n\t\t\t\tTrashumancia contra el cambio clim\u00e1tico\t\t\t<\/a>\n\t\t<\/h3>\n\t\t\t\t<div class=\"elementor-post__excerpt\">\n\t\t\t<p>Los hermanos Cardo, de Vega del Codorno, y Gratiniano Usero, de Las Majadas, son los dos \u00fanicos pastores de la provincia en hacer la vereda &nbsp; Cordeles, ca\u00f1adas, veredas&#8230; Todas las v\u00edas pecuarias cobran protagonismo estos d\u00edas con la trashumancia de ganados de las dehesas de verano a las de invierno en busca de pastos<\/p>\n\t\t<\/div>\n\t\t\t\t<\/div>\n\t\t\t\t<div class=\"elementor-post__meta-data\">\n\t\t\t\t\t<span class=\"elementor-post-date\">\n\t\t\t19 noviembre, 2019\t\t<\/span>\n\t\t\t\t<span class=\"elementor-post-avatar\">\n\t\t\tNo hay comentarios\t\t<\/span>\n\t\t\t\t<\/div>\n\t\t\t\t\t<\/div>\n\t\t<\/article>\n\t\t\t\t<\/div>\n\t\t\n\t\t\t\t<\/div>\n\t\t\t\t<\/div>\n\t\t\t\t\t<\/div>\n\t\t<\/div>\n\t\t\t\t<div class=\"elementor-column elementor-col-50 elementor-top-column elementor-element elementor-element-28fc837\" data-id=\"28fc837\" data-element_type=\"column\">\n\t\t\t<div class=\"elementor-widget-wrap elementor-element-populated\">\n\t\t\t\t\t\t<div class=\"elementor-element elementor-element-3f4d9c0d elementor-widget-divider--view-line elementor-widget elementor-widget-divider\" data-id=\"3f4d9c0d\" data-element_type=\"widget\" data-widget_type=\"divider.default\">\n\t\t\t\t<div class=\"elementor-widget-container\">\n\t\t\t\t\t<div class=\"elementor-divider\">\n\t\t\t<span class=\"elementor-divider-separator\">\n\t\t\t\t\t\t<\/span>\n\t\t<\/div>\n\t\t\t\t<\/div>\n\t\t\t\t<\/div>\n\t\t\t\t\t<\/div>\n\t\t<\/div>\n\t\t\t\t\t<\/div>\n\t\t<\/section>\n\t\t\t\t<\/div>\n\t\t","protected":false},"excerpt":{"rendered":"","protected":false},"author":1,"featured_media":0,"parent":0,"menu_order":0,"comment_status":"closed","ping_status":"closed","template":"","meta":{"site-sidebar-layout":"no-sidebar","site-content-layout":"page-builder","ast-site-content-layout":"","site-content-style":"default","site-sidebar-style":"default","ast-global-header-display":"","ast-banner-title-visibility":"","ast-main-header-display":"","ast-hfb-above-header-display":"","ast-hfb-below-header-display":"","ast-hfb-mobile-header-display":"","site-post-title":"disabled","ast-breadcrumbs-content":"","ast-featured-img":"disabled","footer-sml-layout":"","theme-transparent-header-meta":"default","adv-header-id-meta":"","stick-header-meta":"","header-above-stick-meta":"","header-main-stick-meta":"","header-below-stick-meta":"","astra-migrate-meta-layouts":"default","ast-page-background-enabled":"default","ast-page-background-meta":{"desktop":{"background-color":"var(--ast-global-color-4)","background-image":"","background-repeat":"repeat","background-position":"center center","background-size":"auto","background-attachment":"scroll","background-type":"","background-media":"","overlay-type":"","overlay-color":"","overlay-gradient":""},"tablet":{"background-color":"","background-image":"","background-repeat":"repeat","background-position":"center center","background-size":"auto","background-attachment":"scroll","background-type":"","background-media":"","overlay-type":"","overlay-color":"","overlay-gradient":""},"mobile":{"background-color":"","background-image":"","background-repeat":"repeat","background-position":"center center","background-size":"auto","background-attachment":"scroll","background-type":"","background-media":"","overlay-type":"","overlay-color":"","overlay-gradient":""}},"ast-content-background-meta":{"desktop":{"background-color":"var(--ast-global-color-5)","background-image":"","background-repeat":"repeat","background-position":"center center","background-size":"auto","background-attachment":"scroll","background-type":"","background-media":"","overlay-type":"","overlay-color":"","overlay-gradient":""},"tablet":{"background-color":"var(--ast-global-color-5)","background-image":"","background-repeat":"repeat","background-position":"center center","background-size":"auto","background-attachment":"scroll","background-type":"","background-media":"","overlay-type":"","overlay-color":"","overlay-gradient":""},"mobile":{"background-color":"var(--ast-global-color-5)","background-image":"","background-repeat":"repeat","background-position":"center center","background-size":"auto","background-attachment":"scroll","background-type":"","background-media":"","overlay-type":"","overlay-color":"","overlay-gradient":""}},"footnotes":""},"_links":{"self":[{"href":"https:\/\/transhumancia.com\/es\/wp-json\/wp\/v2\/pages\/3267"}],"collection":[{"href":"https:\/\/transhumancia.com\/es\/wp-json\/wp\/v2\/pages"}],"about":[{"href":"https:\/\/transhumancia.com\/es\/wp-json\/wp\/v2\/types\/page"}],"author":[{"embeddable":true,"href":"https:\/\/transhumancia.com\/es\/wp-json\/wp\/v2\/users\/1"}],"replies":[{"embeddable":true,"href":"https:\/\/transhumancia.com\/es\/wp-json\/wp\/v2\/comments?post=3267"}],"version-history":[{"count":4,"href":"https:\/\/transhumancia.com\/es\/wp-json\/wp\/v2\/pages\/3267\/revisions"}],"predecessor-version":[{"id":3271,"href":"https:\/\/transhumancia.com\/es\/wp-json\/wp\/v2\/pages\/3267\/revisions\/3271"}],"wp:attachment":[{"href":"https:\/\/transhumancia.com\/es\/wp-json\/wp\/v2\/media?parent=3267"}],"curies":[{"name":"wp","href":"https:\/\/api.w.org\/{rel}","templated":true}]}}